{"id":23665,"date":"2019-08-07T04:35:18","date_gmt":"2019-08-07T02:35:18","guid":{"rendered":"https:\/\/innow.pl\/produkt\/p804d-parawan-jednoczesciowy-zmywalny-drewniany\/"},"modified":"2025-11-03T10:34:19","modified_gmt":"2025-11-03T09:34:19","slug":"p804d-parawan-jednoczesciowy-zmywalny-drewniany","status":"publish","type":"product","link":"https:\/\/innow.pl\/en\/produkt\/p804d-parawan-jednoczesciowy-zmywalny-drewniany\/","title":{"rendered":"P804D &#8211; Parawan jednocz\u0119\u015bciowy, materia\u0142 impregnowany, drewniany"},"content":{"rendered":"<p>Parawan medyczny (lekarski, szpitalny) s\u0142u\u017cy do wydzielenia przestrzeni pomi\u0119dzy pacjentami w salach wielo\u0142\u00f3\u017ckowych oraz do zapewnienia im godnych warunk\u00f3w podczas przeprowadzania procedur medycznych. Mo\u017ce by\u0107 u\u017cywany zar\u00f3wno w szpitalach, domach opieki spo\u0142ecznej, jak i o\u015brodkach rehabilitacyjnych. Ekran z materia\u0142u impregnowanego (poliester 100%) z mo\u017cliwo\u015bci\u0105 prania i czyszczenia. Parawan P804D to parawan o konstrukcji drewnianej w kolorze naturalnym. Mo\u017cliwe jest wybarwienie konstrukcji w kolorze ciemnego drewna za dop\u0142at\u0105 +25% ceny podstawowej.<\/p>\n<p style=\"text-align: left\">Dost\u0119pne kolory ekran\u00f3w:<\/p>\n<p style=\"text-align: center\"><img decoding=\"async\" class=\"alignleft\" style=\"max-width: 500px\" src=\"https:\/\/innow.pl\/wp-content\/uploads\/2024\/11\/Ekrany_parawanow-2.jpg\" \/><\/p>\n","protected":false},"excerpt":{"rendered":"<p>Parawan medyczny (lekarski, szpitalny) s\u0142u\u017cy do wydzielenia przestrzeni pomi\u0119dzy pacjentami w salach wielo\u0142\u00f3\u017ckowych oraz do zapewnienia im godnych warunk\u00f3w podczas przeprowadzania procedur medycznych. Mo\u017ce by\u0107 u\u017cywany zar\u00f3wno w szpitalach, domach opieki spo\u0142ecznej, jak i o\u015brodkach rehabilitacyjnych. Ekran z materia\u0142u impregnowanego (poliester 100%) z mo\u017cliwo\u015bci\u0105 prania i czyszczenia. Parawan P804D to parawan o konstrukcji drewnianej w [&hellip;]<\/p>\n","protected":false},"featured_media":23668,"comment_status":"open","ping_status":"closed","template":"","meta":{"_acf_changed":false},"product_brand":[],"product_cat":[440,530,531],"product_tag":[],"class_list":{"0":"post-23665","1":"product","2":"type-product","3":"status-publish","4":"has-post-thumbnail","6":"product_cat-meble-medyczne","7":"product_cat-parawany-meble-medyczne","8":"product_cat-parawany-jednoskrzydlowe","9":"pa_szerokosc-100-cm","10":"pa_wysokosc-170-cm","12":"first","13":"instock","14":"featured","15":"taxable","16":"shipping-taxable","17":"purchasable","18":"product-type-simple"},"acf":[],"yoast_head":"<!-- This site is optimized with the Yoast SEO plugin v27.4 - https:\/\/yoast.com\/product\/yoast-seo-wordpress\/ -->\n<title>P804D - Parawan jednocz\u0119\u015bciowy, materia\u0142 impregnowany, drewniany - INNOW<\/title>\n<meta name=\"description\" content=\"Niedrogi, bardzo estetyczny parawan drewniany o konstrukcji w kolorze naturalnym. Du\u017cy wyb\u00f3r kolor\u00f3w ekran\u00f3w. Dowiedz si\u0119 wi\u0119cej!\" \/>\n<meta name=\"robots\" content=\"index, follow, max-snippet:-1, max-image-preview:large, max-video-preview:-1\" \/>\n<link rel=\"canonical\" href=\"https:\/\/innow.pl\/produkt\/p804d-parawan-jednoczesciowy-zmywalny-drewniany\/\" \/>\n<meta property=\"og:locale\" content=\"en_US\" \/>\n<meta property=\"og:type\" content=\"article\" \/>\n<meta property=\"og:title\" content=\"P804D - Parawan jednocz\u0119\u015bciowy, materia\u0142 impregnowany, drewniany - INNOW\" \/>\n<meta property=\"og:description\" content=\"Niedrogi, bardzo estetyczny parawan drewniany o konstrukcji w kolorze naturalnym. Du\u017cy wyb\u00f3r kolor\u00f3w ekran\u00f3w. Dowiedz si\u0119 wi\u0119cej!\" \/>\n<meta property=\"og:url\" content=\"https:\/\/innow.pl\/produkt\/p804d-parawan-jednoczesciowy-zmywalny-drewniany\/\" \/>\n<meta property=\"og:site_name\" content=\"INNOW\" \/>\n<meta property=\"article:modified_time\" content=\"2025-11-03T09:34:19+00:00\" \/>\n<meta property=\"og:image\" content=\"https:\/\/innow.pl\/wp-content\/uploads\/2024\/11\/P804D_4_.jpg\" \/>\n\t<meta property=\"og:image:width\" content=\"800\" \/>\n\t<meta property=\"og:image:height\" content=\"800\" \/>\n\t<meta property=\"og:image:type\" content=\"image\/jpeg\" \/>\n<meta name=\"twitter:card\" content=\"summary_large_image\" \/>\n<meta name=\"twitter:label1\" content=\"Est. reading time\" \/>\n\t<meta name=\"twitter:data1\" content=\"1 minute\" \/>\n<script type=\"application\/ld+json\" class=\"yoast-schema-graph\">{\"@context\":\"https:\\\/\\\/schema.org\",\"@graph\":[{\"@type\":\"WebPage\",\"@id\":\"https:\\\/\\\/innow.pl\\\/produkt\\\/p804d-parawan-jednoczesciowy-zmywalny-drewniany\\\/\",\"url\":\"https:\\\/\\\/innow.pl\\\/produkt\\\/p804d-parawan-jednoczesciowy-zmywalny-drewniany\\\/\",\"name\":\"P804D - Parawan jednocz\u0119\u015bciowy, materia\u0142 impregnowany, drewniany - INNOW\",\"isPartOf\":{\"@id\":\"https:\\\/\\\/innow.pl\\\/#website\"},\"primaryImageOfPage\":{\"@id\":\"https:\\\/\\\/innow.pl\\\/produkt\\\/p804d-parawan-jednoczesciowy-zmywalny-drewniany\\\/#primaryimage\"},\"image\":{\"@id\":\"https:\\\/\\\/innow.pl\\\/produkt\\\/p804d-parawan-jednoczesciowy-zmywalny-drewniany\\\/#primaryimage\"},\"thumbnailUrl\":\"https:\\\/\\\/innow.pl\\\/wp-content\\\/uploads\\\/2024\\\/11\\\/P804D_4_.jpg\",\"datePublished\":\"2019-08-07T02:35:18+00:00\",\"dateModified\":\"2025-11-03T09:34:19+00:00\",\"description\":\"Niedrogi, bardzo estetyczny parawan drewniany o konstrukcji w kolorze naturalnym. Du\u017cy wyb\u00f3r kolor\u00f3w ekran\u00f3w. Dowiedz si\u0119 wi\u0119cej!\",\"breadcrumb\":{\"@id\":\"https:\\\/\\\/innow.pl\\\/produkt\\\/p804d-parawan-jednoczesciowy-zmywalny-drewniany\\\/#breadcrumb\"},\"inLanguage\":\"en-US\",\"potentialAction\":[{\"@type\":\"ReadAction\",\"target\":[\"https:\\\/\\\/innow.pl\\\/produkt\\\/p804d-parawan-jednoczesciowy-zmywalny-drewniany\\\/\"]}]},{\"@type\":\"ImageObject\",\"inLanguage\":\"en-US\",\"@id\":\"https:\\\/\\\/innow.pl\\\/produkt\\\/p804d-parawan-jednoczesciowy-zmywalny-drewniany\\\/#primaryimage\",\"url\":\"https:\\\/\\\/innow.pl\\\/wp-content\\\/uploads\\\/2024\\\/11\\\/P804D_4_.jpg\",\"contentUrl\":\"https:\\\/\\\/innow.pl\\\/wp-content\\\/uploads\\\/2024\\\/11\\\/P804D_4_.jpg\",\"width\":800,\"height\":800,\"caption\":\"Parawan jednocz\u0119\u015bciowy, zmywalny, drewniany \u2013 P804D \u2013 INNOW\"},{\"@type\":\"BreadcrumbList\",\"@id\":\"https:\\\/\\\/innow.pl\\\/produkt\\\/p804d-parawan-jednoczesciowy-zmywalny-drewniany\\\/#breadcrumb\",\"itemListElement\":[{\"@type\":\"ListItem\",\"position\":1,\"name\":\"INNOW\",\"item\":\"https:\\\/\\\/innow.pl\\\/en\\\/\"},{\"@type\":\"ListItem\",\"position\":2,\"name\":\"Produkty\",\"item\":\"https:\\\/\\\/innow.pl\\\/produkty\\\/\"},{\"@type\":\"ListItem\",\"position\":3,\"name\":\"Meble medyczne\",\"item\":\"https:\\\/\\\/innow.pl\\\/produkty\\\/meble-medyczne\\\/\"},{\"@type\":\"ListItem\",\"position\":4,\"name\":\"Parawany\",\"item\":\"https:\\\/\\\/innow.pl\\\/produkty\\\/meble-medyczne\\\/parawany-meble-medyczne\\\/\"},{\"@type\":\"ListItem\",\"position\":5,\"name\":\"Parawany jednoskrzyd\u0142owe\",\"item\":\"https:\\\/\\\/innow.pl\\\/produkty\\\/meble-medyczne\\\/parawany-meble-medyczne\\\/parawany-jednoskrzydlowe\\\/\"},{\"@type\":\"ListItem\",\"position\":6,\"name\":\"P804D &#8211; Parawan jednocz\u0119\u015bciowy, materia\u0142 impregnowany, drewniany\"}]},{\"@type\":\"WebSite\",\"@id\":\"https:\\\/\\\/innow.pl\\\/#website\",\"url\":\"https:\\\/\\\/innow.pl\\\/\",\"name\":\"INNOW\",\"description\":\"\",\"potentialAction\":[{\"@type\":\"SearchAction\",\"target\":{\"@type\":\"EntryPoint\",\"urlTemplate\":\"https:\\\/\\\/innow.pl\\\/?s={search_term_string}\"},\"query-input\":{\"@type\":\"PropertyValueSpecification\",\"valueRequired\":true,\"valueName\":\"search_term_string\"}}],\"inLanguage\":\"en-US\"}]}<\/script>\n<!-- \/ Yoast SEO plugin. -->","yoast_head_json":{"title":"P804D - Parawan jednocz\u0119\u015bciowy, materia\u0142 impregnowany, drewniany - INNOW","description":"Niedrogi, bardzo estetyczny parawan drewniany o konstrukcji w kolorze naturalnym. Du\u017cy wyb\u00f3r kolor\u00f3w ekran\u00f3w. Dowiedz si\u0119 wi\u0119cej!","robots":{"index":"index","follow":"follow","max-snippet":"max-snippet:-1","max-image-preview":"max-image-preview:large","max-video-preview":"max-video-preview:-1"},"canonical":"https:\/\/innow.pl\/produkt\/p804d-parawan-jednoczesciowy-zmywalny-drewniany\/","og_locale":"en_US","og_type":"article","og_title":"P804D - Parawan jednocz\u0119\u015bciowy, materia\u0142 impregnowany, drewniany - INNOW","og_description":"Niedrogi, bardzo estetyczny parawan drewniany o konstrukcji w kolorze naturalnym. Du\u017cy wyb\u00f3r kolor\u00f3w ekran\u00f3w. Dowiedz si\u0119 wi\u0119cej!","og_url":"https:\/\/innow.pl\/produkt\/p804d-parawan-jednoczesciowy-zmywalny-drewniany\/","og_site_name":"INNOW","article_modified_time":"2025-11-03T09:34:19+00:00","og_image":[{"width":800,"height":800,"url":"https:\/\/innow.pl\/wp-content\/uploads\/2024\/11\/P804D_4_.jpg","type":"image\/jpeg"}],"twitter_card":"summary_large_image","twitter_misc":{"Est. reading time":"1 minute"},"schema":{"@context":"https:\/\/schema.org","@graph":[{"@type":"WebPage","@id":"https:\/\/innow.pl\/produkt\/p804d-parawan-jednoczesciowy-zmywalny-drewniany\/","url":"https:\/\/innow.pl\/produkt\/p804d-parawan-jednoczesciowy-zmywalny-drewniany\/","name":"P804D - Parawan jednocz\u0119\u015bciowy, materia\u0142 impregnowany, drewniany - INNOW","isPartOf":{"@id":"https:\/\/innow.pl\/#website"},"primaryImageOfPage":{"@id":"https:\/\/innow.pl\/produkt\/p804d-parawan-jednoczesciowy-zmywalny-drewniany\/#primaryimage"},"image":{"@id":"https:\/\/innow.pl\/produkt\/p804d-parawan-jednoczesciowy-zmywalny-drewniany\/#primaryimage"},"thumbnailUrl":"https:\/\/innow.pl\/wp-content\/uploads\/2024\/11\/P804D_4_.jpg","datePublished":"2019-08-07T02:35:18+00:00","dateModified":"2025-11-03T09:34:19+00:00","description":"Niedrogi, bardzo estetyczny parawan drewniany o konstrukcji w kolorze naturalnym. Du\u017cy wyb\u00f3r kolor\u00f3w ekran\u00f3w. Dowiedz si\u0119 wi\u0119cej!","breadcrumb":{"@id":"https:\/\/innow.pl\/produkt\/p804d-parawan-jednoczesciowy-zmywalny-drewniany\/#breadcrumb"},"inLanguage":"en-US","potentialAction":[{"@type":"ReadAction","target":["https:\/\/innow.pl\/produkt\/p804d-parawan-jednoczesciowy-zmywalny-drewniany\/"]}]},{"@type":"ImageObject","inLanguage":"en-US","@id":"https:\/\/innow.pl\/produkt\/p804d-parawan-jednoczesciowy-zmywalny-drewniany\/#primaryimage","url":"https:\/\/innow.pl\/wp-content\/uploads\/2024\/11\/P804D_4_.jpg","contentUrl":"https:\/\/innow.pl\/wp-content\/uploads\/2024\/11\/P804D_4_.jpg","width":800,"height":800,"caption":"Parawan jednocz\u0119\u015bciowy, zmywalny, drewniany \u2013 P804D \u2013 INNOW"},{"@type":"BreadcrumbList","@id":"https:\/\/innow.pl\/produkt\/p804d-parawan-jednoczesciowy-zmywalny-drewniany\/#breadcrumb","itemListElement":[{"@type":"ListItem","position":1,"name":"INNOW","item":"https:\/\/innow.pl\/en\/"},{"@type":"ListItem","position":2,"name":"Produkty","item":"https:\/\/innow.pl\/produkty\/"},{"@type":"ListItem","position":3,"name":"Meble medyczne","item":"https:\/\/innow.pl\/produkty\/meble-medyczne\/"},{"@type":"ListItem","position":4,"name":"Parawany","item":"https:\/\/innow.pl\/produkty\/meble-medyczne\/parawany-meble-medyczne\/"},{"@type":"ListItem","position":5,"name":"Parawany jednoskrzyd\u0142owe","item":"https:\/\/innow.pl\/produkty\/meble-medyczne\/parawany-meble-medyczne\/parawany-jednoskrzydlowe\/"},{"@type":"ListItem","position":6,"name":"P804D &#8211; Parawan jednocz\u0119\u015bciowy, materia\u0142 impregnowany, drewniany"}]},{"@type":"WebSite","@id":"https:\/\/innow.pl\/#website","url":"https:\/\/innow.pl\/","name":"INNOW","description":"","potentialAction":[{"@type":"SearchAction","target":{"@type":"EntryPoint","urlTemplate":"https:\/\/innow.pl\/?s={search_term_string}"},"query-input":{"@type":"PropertyValueSpecification","valueRequired":true,"valueName":"search_term_string"}}],"inLanguage":"en-US"}]}},"_links":{"self":[{"href":"https:\/\/innow.pl\/en\/wp-json\/wp\/v2\/product\/23665","targetHints":{"allow":["GET"]}}],"collection":[{"href":"https:\/\/innow.pl\/en\/wp-json\/wp\/v2\/product"}],"about":[{"href":"https:\/\/innow.pl\/en\/wp-json\/wp\/v2\/types\/product"}],"replies":[{"embeddable":true,"href":"https:\/\/innow.pl\/en\/wp-json\/wp\/v2\/comments?post=23665"}],"wp:featuredmedia":[{"embeddable":true,"href":"https:\/\/innow.pl\/en\/wp-json\/wp\/v2\/media\/23668"}],"wp:attachment":[{"href":"https:\/\/innow.pl\/en\/wp-json\/wp\/v2\/media?parent=23665"}],"wp:term":[{"taxonomy":"product_brand","embeddable":true,"href":"https:\/\/innow.pl\/en\/wp-json\/wp\/v2\/product_brand?post=23665"},{"taxonomy":"product_cat","embeddable":true,"href":"https:\/\/innow.pl\/en\/wp-json\/wp\/v2\/product_cat?post=23665"},{"taxonomy":"product_tag","embeddable":true,"href":"https:\/\/innow.pl\/en\/wp-json\/wp\/v2\/product_tag?post=23665"}],"curies":[{"name":"wp","href":"https:\/\/api.w.org\/{rel}","templated":true}]}}