{"id":23634,"date":"2017-05-31T08:46:03","date_gmt":"2017-05-31T06:46:03","guid":{"rendered":"https:\/\/innow.pl\/produkt\/iso-chalu-krzeslo-dla-pacjenta-konstrukcja-chromowana-lub-w-kolorze-aluminium\/"},"modified":"2026-02-10T16:20:11","modified_gmt":"2026-02-10T15:20:11","slug":"iso-chalu-krzeslo-dla-pacjenta-konstrukcja-chromowana-lub-w-kolorze-aluminium","status":"publish","type":"product","link":"https:\/\/innow.pl\/en\/produkt\/iso-chalu-krzeslo-dla-pacjenta-konstrukcja-chromowana-lub-w-kolorze-aluminium\/","title":{"rendered":"ISO CH\/ALU &#8211; Krzes\u0142o dla pacjenta, konstrukcja chromowana lub w kolorze aluminium"},"content":{"rendered":"<p>Krzes\u0142o dla pacjenta z tapicerowanym (materia\u0142em zmywalnym) siedziskiem i oparciem. Na konstrukcj\u0119 sk\u0142adaj\u0105 si\u0119 owalne kszta\u0142towniki stalowe w dw\u00f3ch opcjach kolorystycznych: chromowane lub lakierowane na kolor aluminiowy. \u00a0<\/p>\n<p style=\"text-align: left\"><a>Informacje o w\u0142a\u015bciwo\u015bciach dost\u0119pnych <strong>materia\u0142\u00f3w obiciowych<\/strong> dost\u0119pne po klikni\u0119ciu w zdj\u0119cie:<\/a><\/p>\n<p style=\"text-align: left\"><a href=\"https:\/\/innow.pl\/publikacje\/KatalogPDF\/Pokrycia-obiciowe-tapicerki.pdf\" target=\"_blank\" rel=\"noopener\"><img decoding=\"async\" src=\"https:\/\/innow.pl\/wp-content\/uploads\/2024\/11\/Tapicerki.jpg\" \/><\/a><\/p>\n","protected":false},"excerpt":{"rendered":"<p>Krzes\u0142o dla pacjenta z tapicerowanym (materia\u0142em zmywalnym) siedziskiem i oparciem. Na konstrukcj\u0119 sk\u0142adaj\u0105 si\u0119 owalne kszta\u0142towniki stalowe w dw\u00f3ch opcjach kolorystycznych: chromowane lub lakierowane na kolor aluminiowy. \u00a0 Informacje o w\u0142a\u015bciwo\u015bciach dost\u0119pnych materia\u0142\u00f3w obiciowych dost\u0119pne po klikni\u0119ciu w zdj\u0119cie:<\/p>\n","protected":false},"featured_media":23637,"comment_status":"open","ping_status":"closed","template":"","meta":{"_acf_changed":false},"product_brand":[],"product_cat":[529,440],"product_tag":[],"class_list":{"0":"post-23634","1":"product","2":"type-product","3":"status-publish","4":"has-post-thumbnail","6":"product_cat-krzesla-i-taborety","7":"product_cat-meble-medyczne","8":"pa_glebokosc-43-cm","9":"pa_szerokosc-46-cm","10":"pa_wysokosc-79-cm","11":"pa_wysokosc-siedziska-44-cm","13":"first","14":"instock","15":"taxable","16":"shipping-taxable","17":"purchasable","18":"product-type-simple"},"acf":[],"yoast_head":"<!-- This site is optimized with the Yoast SEO plugin v27.4 - https:\/\/yoast.com\/product\/yoast-seo-wordpress\/ -->\n<title>ISO CH\/ALU - Krzes\u0142o dla pacjenta, konstrukcja chromowana lub w kolorze aluminium - INNOW<\/title>\n<meta name=\"description\" content=\"Niedrogie krzes\u0142o dla pacjenta dost\u0119pne z konstrukcj\u0105 chromowan\u0105 lub w kolorze aluminium. Kolor tapicerki mo\u017cna wybra\u0107 spo\u015br\u00f3d wielu dost\u0119pnych. Kliknij!\" \/>\n<meta name=\"robots\" content=\"index, follow, max-snippet:-1, max-image-preview:large, max-video-preview:-1\" \/>\n<link rel=\"canonical\" href=\"https:\/\/innow.pl\/produkt\/iso-chalu-krzeslo-dla-pacjenta-konstrukcja-chromowana-lub-w-kolorze-aluminium\/\" \/>\n<meta property=\"og:locale\" content=\"en_US\" \/>\n<meta property=\"og:type\" content=\"article\" \/>\n<meta property=\"og:title\" content=\"ISO CH\/ALU - Krzes\u0142o dla pacjenta, konstrukcja chromowana lub w kolorze aluminium - INNOW\" \/>\n<meta property=\"og:description\" content=\"Niedrogie krzes\u0142o dla pacjenta dost\u0119pne z konstrukcj\u0105 chromowan\u0105 lub w kolorze aluminium. Kolor tapicerki mo\u017cna wybra\u0107 spo\u015br\u00f3d wielu dost\u0119pnych. Kliknij!\" \/>\n<meta property=\"og:url\" content=\"https:\/\/innow.pl\/produkt\/iso-chalu-krzeslo-dla-pacjenta-konstrukcja-chromowana-lub-w-kolorze-aluminium\/\" \/>\n<meta property=\"og:site_name\" content=\"INNOW\" \/>\n<meta property=\"article:modified_time\" content=\"2026-02-10T15:20:11+00:00\" \/>\n<meta property=\"og:image\" content=\"https:\/\/innow.pl\/wp-content\/uploads\/2024\/11\/ISOCHALU_1.jpg\" \/>\n\t<meta property=\"og:image:width\" content=\"480\" \/>\n\t<meta property=\"og:image:height\" content=\"480\" \/>\n\t<meta property=\"og:image:type\" content=\"image\/jpeg\" \/>\n<meta name=\"twitter:card\" content=\"summary_large_image\" \/>\n<meta name=\"twitter:label1\" content=\"Est. reading time\" \/>\n\t<meta name=\"twitter:data1\" content=\"1 minute\" \/>\n<script type=\"application\/ld+json\" class=\"yoast-schema-graph\">{\"@context\":\"https:\\\/\\\/schema.org\",\"@graph\":[{\"@type\":\"WebPage\",\"@id\":\"https:\\\/\\\/innow.pl\\\/produkt\\\/iso-chalu-krzeslo-dla-pacjenta-konstrukcja-chromowana-lub-w-kolorze-aluminium\\\/\",\"url\":\"https:\\\/\\\/innow.pl\\\/produkt\\\/iso-chalu-krzeslo-dla-pacjenta-konstrukcja-chromowana-lub-w-kolorze-aluminium\\\/\",\"name\":\"ISO CH\\\/ALU - Krzes\u0142o dla pacjenta, konstrukcja chromowana lub w kolorze aluminium - INNOW\",\"isPartOf\":{\"@id\":\"https:\\\/\\\/innow.pl\\\/#website\"},\"primaryImageOfPage\":{\"@id\":\"https:\\\/\\\/innow.pl\\\/produkt\\\/iso-chalu-krzeslo-dla-pacjenta-konstrukcja-chromowana-lub-w-kolorze-aluminium\\\/#primaryimage\"},\"image\":{\"@id\":\"https:\\\/\\\/innow.pl\\\/produkt\\\/iso-chalu-krzeslo-dla-pacjenta-konstrukcja-chromowana-lub-w-kolorze-aluminium\\\/#primaryimage\"},\"thumbnailUrl\":\"https:\\\/\\\/innow.pl\\\/wp-content\\\/uploads\\\/2024\\\/11\\\/ISOCHALU_1.jpg\",\"datePublished\":\"2017-05-31T06:46:03+00:00\",\"dateModified\":\"2026-02-10T15:20:11+00:00\",\"description\":\"Niedrogie krzes\u0142o dla pacjenta dost\u0119pne z konstrukcj\u0105 chromowan\u0105 lub w kolorze aluminium. Kolor tapicerki mo\u017cna wybra\u0107 spo\u015br\u00f3d wielu dost\u0119pnych. Kliknij!\",\"breadcrumb\":{\"@id\":\"https:\\\/\\\/innow.pl\\\/produkt\\\/iso-chalu-krzeslo-dla-pacjenta-konstrukcja-chromowana-lub-w-kolorze-aluminium\\\/#breadcrumb\"},\"inLanguage\":\"en-US\",\"potentialAction\":[{\"@type\":\"ReadAction\",\"target\":[\"https:\\\/\\\/innow.pl\\\/produkt\\\/iso-chalu-krzeslo-dla-pacjenta-konstrukcja-chromowana-lub-w-kolorze-aluminium\\\/\"]}]},{\"@type\":\"ImageObject\",\"inLanguage\":\"en-US\",\"@id\":\"https:\\\/\\\/innow.pl\\\/produkt\\\/iso-chalu-krzeslo-dla-pacjenta-konstrukcja-chromowana-lub-w-kolorze-aluminium\\\/#primaryimage\",\"url\":\"https:\\\/\\\/innow.pl\\\/wp-content\\\/uploads\\\/2024\\\/11\\\/ISOCHALU_1.jpg\",\"contentUrl\":\"https:\\\/\\\/innow.pl\\\/wp-content\\\/uploads\\\/2024\\\/11\\\/ISOCHALU_1.jpg\",\"width\":480,\"height\":480,\"caption\":\"Krzes\u0142o dla pacjenta, konstrukcja chromowana lub w kolorze aluminium \u2013 ISO CH\\\/ALU \u2013 INNOW\"},{\"@type\":\"BreadcrumbList\",\"@id\":\"https:\\\/\\\/innow.pl\\\/produkt\\\/iso-chalu-krzeslo-dla-pacjenta-konstrukcja-chromowana-lub-w-kolorze-aluminium\\\/#breadcrumb\",\"itemListElement\":[{\"@type\":\"ListItem\",\"position\":1,\"name\":\"INNOW\",\"item\":\"https:\\\/\\\/innow.pl\\\/en\\\/\"},{\"@type\":\"ListItem\",\"position\":2,\"name\":\"Produkty\",\"item\":\"https:\\\/\\\/innow.pl\\\/produkty\\\/\"},{\"@type\":\"ListItem\",\"position\":3,\"name\":\"Meble medyczne\",\"item\":\"https:\\\/\\\/innow.pl\\\/produkty\\\/meble-medyczne\\\/\"},{\"@type\":\"ListItem\",\"position\":4,\"name\":\"Krzes\u0142a i taborety\",\"item\":\"https:\\\/\\\/innow.pl\\\/produkty\\\/meble-medyczne\\\/krzesla-i-taborety\\\/\"},{\"@type\":\"ListItem\",\"position\":5,\"name\":\"ISO CH\\\/ALU &#8211; Krzes\u0142o dla pacjenta, konstrukcja chromowana lub w kolorze aluminium\"}]},{\"@type\":\"WebSite\",\"@id\":\"https:\\\/\\\/innow.pl\\\/#website\",\"url\":\"https:\\\/\\\/innow.pl\\\/\",\"name\":\"INNOW\",\"description\":\"\",\"potentialAction\":[{\"@type\":\"SearchAction\",\"target\":{\"@type\":\"EntryPoint\",\"urlTemplate\":\"https:\\\/\\\/innow.pl\\\/?s={search_term_string}\"},\"query-input\":{\"@type\":\"PropertyValueSpecification\",\"valueRequired\":true,\"valueName\":\"search_term_string\"}}],\"inLanguage\":\"en-US\"}]}<\/script>\n<!-- \/ Yoast SEO plugin. -->","yoast_head_json":{"title":"ISO CH\/ALU - Krzes\u0142o dla pacjenta, konstrukcja chromowana lub w kolorze aluminium - INNOW","description":"Niedrogie krzes\u0142o dla pacjenta dost\u0119pne z konstrukcj\u0105 chromowan\u0105 lub w kolorze aluminium. Kolor tapicerki mo\u017cna wybra\u0107 spo\u015br\u00f3d wielu dost\u0119pnych. Kliknij!","robots":{"index":"index","follow":"follow","max-snippet":"max-snippet:-1","max-image-preview":"max-image-preview:large","max-video-preview":"max-video-preview:-1"},"canonical":"https:\/\/innow.pl\/produkt\/iso-chalu-krzeslo-dla-pacjenta-konstrukcja-chromowana-lub-w-kolorze-aluminium\/","og_locale":"en_US","og_type":"article","og_title":"ISO CH\/ALU - Krzes\u0142o dla pacjenta, konstrukcja chromowana lub w kolorze aluminium - INNOW","og_description":"Niedrogie krzes\u0142o dla pacjenta dost\u0119pne z konstrukcj\u0105 chromowan\u0105 lub w kolorze aluminium. Kolor tapicerki mo\u017cna wybra\u0107 spo\u015br\u00f3d wielu dost\u0119pnych. Kliknij!","og_url":"https:\/\/innow.pl\/produkt\/iso-chalu-krzeslo-dla-pacjenta-konstrukcja-chromowana-lub-w-kolorze-aluminium\/","og_site_name":"INNOW","article_modified_time":"2026-02-10T15:20:11+00:00","og_image":[{"width":480,"height":480,"url":"https:\/\/innow.pl\/wp-content\/uploads\/2024\/11\/ISOCHALU_1.jpg","type":"image\/jpeg"}],"twitter_card":"summary_large_image","twitter_misc":{"Est. reading time":"1 minute"},"schema":{"@context":"https:\/\/schema.org","@graph":[{"@type":"WebPage","@id":"https:\/\/innow.pl\/produkt\/iso-chalu-krzeslo-dla-pacjenta-konstrukcja-chromowana-lub-w-kolorze-aluminium\/","url":"https:\/\/innow.pl\/produkt\/iso-chalu-krzeslo-dla-pacjenta-konstrukcja-chromowana-lub-w-kolorze-aluminium\/","name":"ISO CH\/ALU - Krzes\u0142o dla pacjenta, konstrukcja chromowana lub w kolorze aluminium - INNOW","isPartOf":{"@id":"https:\/\/innow.pl\/#website"},"primaryImageOfPage":{"@id":"https:\/\/innow.pl\/produkt\/iso-chalu-krzeslo-dla-pacjenta-konstrukcja-chromowana-lub-w-kolorze-aluminium\/#primaryimage"},"image":{"@id":"https:\/\/innow.pl\/produkt\/iso-chalu-krzeslo-dla-pacjenta-konstrukcja-chromowana-lub-w-kolorze-aluminium\/#primaryimage"},"thumbnailUrl":"https:\/\/innow.pl\/wp-content\/uploads\/2024\/11\/ISOCHALU_1.jpg","datePublished":"2017-05-31T06:46:03+00:00","dateModified":"2026-02-10T15:20:11+00:00","description":"Niedrogie krzes\u0142o dla pacjenta dost\u0119pne z konstrukcj\u0105 chromowan\u0105 lub w kolorze aluminium. Kolor tapicerki mo\u017cna wybra\u0107 spo\u015br\u00f3d wielu dost\u0119pnych. Kliknij!","breadcrumb":{"@id":"https:\/\/innow.pl\/produkt\/iso-chalu-krzeslo-dla-pacjenta-konstrukcja-chromowana-lub-w-kolorze-aluminium\/#breadcrumb"},"inLanguage":"en-US","potentialAction":[{"@type":"ReadAction","target":["https:\/\/innow.pl\/produkt\/iso-chalu-krzeslo-dla-pacjenta-konstrukcja-chromowana-lub-w-kolorze-aluminium\/"]}]},{"@type":"ImageObject","inLanguage":"en-US","@id":"https:\/\/innow.pl\/produkt\/iso-chalu-krzeslo-dla-pacjenta-konstrukcja-chromowana-lub-w-kolorze-aluminium\/#primaryimage","url":"https:\/\/innow.pl\/wp-content\/uploads\/2024\/11\/ISOCHALU_1.jpg","contentUrl":"https:\/\/innow.pl\/wp-content\/uploads\/2024\/11\/ISOCHALU_1.jpg","width":480,"height":480,"caption":"Krzes\u0142o dla pacjenta, konstrukcja chromowana lub w kolorze aluminium \u2013 ISO CH\/ALU \u2013 INNOW"},{"@type":"BreadcrumbList","@id":"https:\/\/innow.pl\/produkt\/iso-chalu-krzeslo-dla-pacjenta-konstrukcja-chromowana-lub-w-kolorze-aluminium\/#breadcrumb","itemListElement":[{"@type":"ListItem","position":1,"name":"INNOW","item":"https:\/\/innow.pl\/en\/"},{"@type":"ListItem","position":2,"name":"Produkty","item":"https:\/\/innow.pl\/produkty\/"},{"@type":"ListItem","position":3,"name":"Meble medyczne","item":"https:\/\/innow.pl\/produkty\/meble-medyczne\/"},{"@type":"ListItem","position":4,"name":"Krzes\u0142a i taborety","item":"https:\/\/innow.pl\/produkty\/meble-medyczne\/krzesla-i-taborety\/"},{"@type":"ListItem","position":5,"name":"ISO CH\/ALU &#8211; Krzes\u0142o dla pacjenta, konstrukcja chromowana lub w kolorze aluminium"}]},{"@type":"WebSite","@id":"https:\/\/innow.pl\/#website","url":"https:\/\/innow.pl\/","name":"INNOW","description":"","potentialAction":[{"@type":"SearchAction","target":{"@type":"EntryPoint","urlTemplate":"https:\/\/innow.pl\/?s={search_term_string}"},"query-input":{"@type":"PropertyValueSpecification","valueRequired":true,"valueName":"search_term_string"}}],"inLanguage":"en-US"}]}},"_links":{"self":[{"href":"https:\/\/innow.pl\/en\/wp-json\/wp\/v2\/product\/23634","targetHints":{"allow":["GET"]}}],"collection":[{"href":"https:\/\/innow.pl\/en\/wp-json\/wp\/v2\/product"}],"about":[{"href":"https:\/\/innow.pl\/en\/wp-json\/wp\/v2\/types\/product"}],"replies":[{"embeddable":true,"href":"https:\/\/innow.pl\/en\/wp-json\/wp\/v2\/comments?post=23634"}],"wp:featuredmedia":[{"embeddable":true,"href":"https:\/\/innow.pl\/en\/wp-json\/wp\/v2\/media\/23637"}],"wp:attachment":[{"href":"https:\/\/innow.pl\/en\/wp-json\/wp\/v2\/media?parent=23634"}],"wp:term":[{"taxonomy":"product_brand","embeddable":true,"href":"https:\/\/innow.pl\/en\/wp-json\/wp\/v2\/product_brand?post=23634"},{"taxonomy":"product_cat","embeddable":true,"href":"https:\/\/innow.pl\/en\/wp-json\/wp\/v2\/product_cat?post=23634"},{"taxonomy":"product_tag","embeddable":true,"href":"https:\/\/innow.pl\/en\/wp-json\/wp\/v2\/product_tag?post=23634"}],"curies":[{"name":"wp","href":"https:\/\/api.w.org\/{rel}","templated":true}]}}