{"id":23491,"date":"2017-05-31T06:25:57","date_gmt":"2017-05-31T04:25:57","guid":{"rendered":"https:\/\/innow.pl\/produkt\/s412e-kozetka-z-elektryczna-regulacja-wysokosci\/"},"modified":"2026-03-20T13:59:12","modified_gmt":"2026-03-20T12:59:12","slug":"s412e-kozetka-z-elektryczna-regulacja-wysokosci","status":"publish","type":"product","link":"https:\/\/innow.pl\/en\/produkt\/s412e-kozetka-z-elektryczna-regulacja-wysokosci\/","title":{"rendered":"S412EK &#8211; Kozetka lekarska z elektryczn\u0105 regulacj\u0105 wysoko\u015bci"},"content":{"rendered":"<p>Produkt u\u017cywany jest podczas bada\u0144 pacjent\u00f3w i innych zabieg\u00f3w medycznych. Kozetka lekarska (kozetka medyczna, kozetka zabiegowa, le\u017canka rehabilitacyjna) posiada elektryczn\u0105 regulacj\u0119 wysoko\u015bci za pomoc\u0105 pilota r\u0119cznego. Podnoszenie ramy g\u00f3rnej nast\u0119puje w spos\u00f3b no\u017cycowy a stalowa konstrukcja umo\u017cliwia prostopad\u0142\u0105 regulacj\u0119 wysoko\u015bci (le\u017cysko nie przemieszcza si\u0119 wzgl\u0119dem punktu odniesienia). <strong>Standardowe wyposa\u017cenie:<\/strong><\/p>\n<ul>\n<li>dwucz\u0119\u015bciowe le\u017cysko z podg\u0142\u00f3wkiem (bez otworu),<\/li>\n<li>regulacja podg\u0142\u00f3wka za pomoc\u0105 spr\u0119\u017cyny gazowej,<\/li>\n<li>elektryczna regulacja wysoko\u015bci,<\/li>\n<li>komplet blach do podwozia.<\/li>\n<\/ul>\n<p>Z dodatkowym wyposa\u017ceniem mo\u017cna zapozna\u0107 si\u0119 poni\u017cej. <em>Na zdj\u0119ciu 1 widoczna jest kozetka z wyposa\u017ceniem opcjonalnym: podajnik podk\u0142ad\u00f3w ochronnych.<\/em> W <strong>szybkiej realizacji<\/strong> produkt dost\u0119pny jest w wersji podstawowej (dost\u0119pne wyposa\u017cenie POD &#8211; podajnik podk\u0142ad\u00f3w, PZ111, X-lite oraz OTAP). \u00a0<\/p>\n<p style=\"text-align: left\"><a>Informacje o w\u0142a\u015bciwo\u015bciach dost\u0119pnych <strong>materia\u0142\u00f3w obiciowych<\/strong> dost\u0119pne po klikni\u0119ciu w zdj\u0119cie:<\/a><\/p>\n<p style=\"text-align: left\"><a href=\"https:\/\/innow.pl\/publikacje\/KatalogPDF\/Pokrycia-obiciowe-tapicerki.pdf\" target=\"_blank\" rel=\"noopener\"><img decoding=\"async\" src=\"https:\/\/innow.pl\/wp-content\/uploads\/2024\/11\/Tapicerki.jpg\" \/><\/a><\/p>\n","protected":false},"excerpt":{"rendered":"<p>Produkt u\u017cywany jest podczas bada\u0144 pacjent\u00f3w i innych zabieg\u00f3w medycznych. Kozetka lekarska (kozetka medyczna, kozetka zabiegowa, le\u017canka rehabilitacyjna) posiada elektryczn\u0105 regulacj\u0119 wysoko\u015bci za pomoc\u0105 pilota r\u0119cznego. Podnoszenie ramy g\u00f3rnej nast\u0119puje w spos\u00f3b no\u017cycowy a stalowa konstrukcja umo\u017cliwia prostopad\u0142\u0105 regulacj\u0119 wysoko\u015bci (le\u017cysko nie przemieszcza si\u0119 wzgl\u0119dem punktu odniesienia). Standardowe wyposa\u017cenie: dwucz\u0119\u015bciowe le\u017cysko z podg\u0142\u00f3wkiem (bez otworu), [&hellip;]<\/p>\n","protected":false},"featured_media":23494,"comment_status":"open","ping_status":"closed","template":"","meta":{"_acf_changed":false},"product_brand":[],"product_cat":[463,465,440],"product_tag":[],"class_list":{"0":"post-23491","1":"product","2":"type-product","3":"status-publish","4":"has-post-thumbnail","6":"product_cat-kozetki","7":"product_cat-kozetki-podnoszone","8":"product_cat-meble-medyczne","9":"pa_dlugosc-200-cm","10":"pa_regulacja-podglowka-w-dol-591","11":"pa_regulacja-podglowka-w-gore-631","12":"pa_szerokosc-standardowa-70-cm","13":"pa_szerokosc-za-doplata-65-cm-i-75-cm-430-zl-netto-80-cm-610-zl-netto-90-cm-755-zl-netto","14":"pa_wysokosc-45-96-cm","16":"first","17":"instock","18":"taxable","19":"shipping-taxable","20":"purchasable","21":"product-type-simple"},"acf":[],"yoast_head":"<!-- This site is optimized with the Yoast SEO plugin v27.4 - https:\/\/yoast.com\/product\/yoast-seo-wordpress\/ -->\n<title>S412EK - Kozetka lekarska z elektryczn\u0105 regulacj\u0105 wysoko\u015bci - INNOW<\/title>\n<meta name=\"description\" content=\"Sprawdzona, klasyczna kozetka z elektryczn\u0105 regulacj\u0105 wysoko\u015bci za pomoc\u0105 pilota r\u0119cznego oraz 2-cz\u0119\u015bciowym le\u017cyskiem. Szeroki wyb\u00f3r kolor\u00f3w. Zobacz!\" \/>\n<meta name=\"robots\" content=\"index, follow, max-snippet:-1, max-image-preview:large, max-video-preview:-1\" \/>\n<link rel=\"canonical\" href=\"https:\/\/innow.pl\/produkt\/s412e-kozetka-z-elektryczna-regulacja-wysokosci\/\" \/>\n<meta property=\"og:locale\" content=\"en_US\" \/>\n<meta property=\"og:type\" content=\"article\" \/>\n<meta property=\"og:title\" content=\"S412EK - Kozetka lekarska z elektryczn\u0105 regulacj\u0105 wysoko\u015bci - INNOW\" \/>\n<meta property=\"og:description\" content=\"Sprawdzona, klasyczna kozetka z elektryczn\u0105 regulacj\u0105 wysoko\u015bci za pomoc\u0105 pilota r\u0119cznego oraz 2-cz\u0119\u015bciowym le\u017cyskiem. Szeroki wyb\u00f3r kolor\u00f3w. Zobacz!\" \/>\n<meta property=\"og:url\" content=\"https:\/\/innow.pl\/produkt\/s412e-kozetka-z-elektryczna-regulacja-wysokosci\/\" \/>\n<meta property=\"og:site_name\" content=\"INNOW\" \/>\n<meta property=\"article:modified_time\" content=\"2026-03-20T12:59:12+00:00\" \/>\n<meta property=\"og:image\" content=\"https:\/\/innow.pl\/wp-content\/uploads\/2024\/11\/S412Ekozetka.jpg\" \/>\n\t<meta property=\"og:image:width\" content=\"800\" \/>\n\t<meta property=\"og:image:height\" content=\"800\" \/>\n\t<meta property=\"og:image:type\" content=\"image\/jpeg\" \/>\n<meta name=\"twitter:card\" content=\"summary_large_image\" \/>\n<meta name=\"twitter:label1\" content=\"Est. reading time\" \/>\n\t<meta name=\"twitter:data1\" content=\"2 minutes\" \/>\n<script type=\"application\/ld+json\" class=\"yoast-schema-graph\">{\"@context\":\"https:\\\/\\\/schema.org\",\"@graph\":[{\"@type\":\"WebPage\",\"@id\":\"https:\\\/\\\/innow.pl\\\/produkt\\\/s412e-kozetka-z-elektryczna-regulacja-wysokosci\\\/\",\"url\":\"https:\\\/\\\/innow.pl\\\/produkt\\\/s412e-kozetka-z-elektryczna-regulacja-wysokosci\\\/\",\"name\":\"S412EK - Kozetka lekarska z elektryczn\u0105 regulacj\u0105 wysoko\u015bci - INNOW\",\"isPartOf\":{\"@id\":\"https:\\\/\\\/innow.pl\\\/#website\"},\"primaryImageOfPage\":{\"@id\":\"https:\\\/\\\/innow.pl\\\/produkt\\\/s412e-kozetka-z-elektryczna-regulacja-wysokosci\\\/#primaryimage\"},\"image\":{\"@id\":\"https:\\\/\\\/innow.pl\\\/produkt\\\/s412e-kozetka-z-elektryczna-regulacja-wysokosci\\\/#primaryimage\"},\"thumbnailUrl\":\"https:\\\/\\\/innow.pl\\\/wp-content\\\/uploads\\\/2024\\\/11\\\/S412Ekozetka.jpg\",\"datePublished\":\"2017-05-31T04:25:57+00:00\",\"dateModified\":\"2026-03-20T12:59:12+00:00\",\"description\":\"Sprawdzona, klasyczna kozetka z elektryczn\u0105 regulacj\u0105 wysoko\u015bci za pomoc\u0105 pilota r\u0119cznego oraz 2-cz\u0119\u015bciowym le\u017cyskiem. Szeroki wyb\u00f3r kolor\u00f3w. Zobacz!\",\"breadcrumb\":{\"@id\":\"https:\\\/\\\/innow.pl\\\/produkt\\\/s412e-kozetka-z-elektryczna-regulacja-wysokosci\\\/#breadcrumb\"},\"inLanguage\":\"en-US\",\"potentialAction\":[{\"@type\":\"ReadAction\",\"target\":[\"https:\\\/\\\/innow.pl\\\/produkt\\\/s412e-kozetka-z-elektryczna-regulacja-wysokosci\\\/\"]}]},{\"@type\":\"ImageObject\",\"inLanguage\":\"en-US\",\"@id\":\"https:\\\/\\\/innow.pl\\\/produkt\\\/s412e-kozetka-z-elektryczna-regulacja-wysokosci\\\/#primaryimage\",\"url\":\"https:\\\/\\\/innow.pl\\\/wp-content\\\/uploads\\\/2024\\\/11\\\/S412Ekozetka.jpg\",\"contentUrl\":\"https:\\\/\\\/innow.pl\\\/wp-content\\\/uploads\\\/2024\\\/11\\\/S412Ekozetka.jpg\",\"width\":800,\"height\":800,\"caption\":\"Kozetka z elektryczn\u0105 regulacj\u0105 wysoko\u015bci \u2013 S412E \u2013 INNOW\"},{\"@type\":\"BreadcrumbList\",\"@id\":\"https:\\\/\\\/innow.pl\\\/produkt\\\/s412e-kozetka-z-elektryczna-regulacja-wysokosci\\\/#breadcrumb\",\"itemListElement\":[{\"@type\":\"ListItem\",\"position\":1,\"name\":\"INNOW\",\"item\":\"https:\\\/\\\/innow.pl\\\/en\\\/\"},{\"@type\":\"ListItem\",\"position\":2,\"name\":\"Produkty\",\"item\":\"https:\\\/\\\/innow.pl\\\/produkty\\\/\"},{\"@type\":\"ListItem\",\"position\":3,\"name\":\"Meble medyczne\",\"item\":\"https:\\\/\\\/innow.pl\\\/produkty\\\/meble-medyczne\\\/\"},{\"@type\":\"ListItem\",\"position\":4,\"name\":\"Kozetki\",\"item\":\"https:\\\/\\\/innow.pl\\\/produkty\\\/meble-medyczne\\\/kozetki\\\/\"},{\"@type\":\"ListItem\",\"position\":5,\"name\":\"Kozetki podnoszone\",\"item\":\"https:\\\/\\\/innow.pl\\\/produkty\\\/meble-medyczne\\\/kozetki\\\/kozetki-podnoszone\\\/\"},{\"@type\":\"ListItem\",\"position\":6,\"name\":\"S412EK &#8211; Kozetka lekarska z elektryczn\u0105 regulacj\u0105 wysoko\u015bci\"}]},{\"@type\":\"WebSite\",\"@id\":\"https:\\\/\\\/innow.pl\\\/#website\",\"url\":\"https:\\\/\\\/innow.pl\\\/\",\"name\":\"INNOW\",\"description\":\"\",\"potentialAction\":[{\"@type\":\"SearchAction\",\"target\":{\"@type\":\"EntryPoint\",\"urlTemplate\":\"https:\\\/\\\/innow.pl\\\/?s={search_term_string}\"},\"query-input\":{\"@type\":\"PropertyValueSpecification\",\"valueRequired\":true,\"valueName\":\"search_term_string\"}}],\"inLanguage\":\"en-US\"}]}<\/script>\n<!-- \/ Yoast SEO plugin. -->","yoast_head_json":{"title":"S412EK - Kozetka lekarska z elektryczn\u0105 regulacj\u0105 wysoko\u015bci - INNOW","description":"Sprawdzona, klasyczna kozetka z elektryczn\u0105 regulacj\u0105 wysoko\u015bci za pomoc\u0105 pilota r\u0119cznego oraz 2-cz\u0119\u015bciowym le\u017cyskiem. Szeroki wyb\u00f3r kolor\u00f3w. Zobacz!","robots":{"index":"index","follow":"follow","max-snippet":"max-snippet:-1","max-image-preview":"max-image-preview:large","max-video-preview":"max-video-preview:-1"},"canonical":"https:\/\/innow.pl\/produkt\/s412e-kozetka-z-elektryczna-regulacja-wysokosci\/","og_locale":"en_US","og_type":"article","og_title":"S412EK - Kozetka lekarska z elektryczn\u0105 regulacj\u0105 wysoko\u015bci - INNOW","og_description":"Sprawdzona, klasyczna kozetka z elektryczn\u0105 regulacj\u0105 wysoko\u015bci za pomoc\u0105 pilota r\u0119cznego oraz 2-cz\u0119\u015bciowym le\u017cyskiem. Szeroki wyb\u00f3r kolor\u00f3w. Zobacz!","og_url":"https:\/\/innow.pl\/produkt\/s412e-kozetka-z-elektryczna-regulacja-wysokosci\/","og_site_name":"INNOW","article_modified_time":"2026-03-20T12:59:12+00:00","og_image":[{"width":800,"height":800,"url":"https:\/\/innow.pl\/wp-content\/uploads\/2024\/11\/S412Ekozetka.jpg","type":"image\/jpeg"}],"twitter_card":"summary_large_image","twitter_misc":{"Est. reading time":"2 minutes"},"schema":{"@context":"https:\/\/schema.org","@graph":[{"@type":"WebPage","@id":"https:\/\/innow.pl\/produkt\/s412e-kozetka-z-elektryczna-regulacja-wysokosci\/","url":"https:\/\/innow.pl\/produkt\/s412e-kozetka-z-elektryczna-regulacja-wysokosci\/","name":"S412EK - Kozetka lekarska z elektryczn\u0105 regulacj\u0105 wysoko\u015bci - INNOW","isPartOf":{"@id":"https:\/\/innow.pl\/#website"},"primaryImageOfPage":{"@id":"https:\/\/innow.pl\/produkt\/s412e-kozetka-z-elektryczna-regulacja-wysokosci\/#primaryimage"},"image":{"@id":"https:\/\/innow.pl\/produkt\/s412e-kozetka-z-elektryczna-regulacja-wysokosci\/#primaryimage"},"thumbnailUrl":"https:\/\/innow.pl\/wp-content\/uploads\/2024\/11\/S412Ekozetka.jpg","datePublished":"2017-05-31T04:25:57+00:00","dateModified":"2026-03-20T12:59:12+00:00","description":"Sprawdzona, klasyczna kozetka z elektryczn\u0105 regulacj\u0105 wysoko\u015bci za pomoc\u0105 pilota r\u0119cznego oraz 2-cz\u0119\u015bciowym le\u017cyskiem. Szeroki wyb\u00f3r kolor\u00f3w. Zobacz!","breadcrumb":{"@id":"https:\/\/innow.pl\/produkt\/s412e-kozetka-z-elektryczna-regulacja-wysokosci\/#breadcrumb"},"inLanguage":"en-US","potentialAction":[{"@type":"ReadAction","target":["https:\/\/innow.pl\/produkt\/s412e-kozetka-z-elektryczna-regulacja-wysokosci\/"]}]},{"@type":"ImageObject","inLanguage":"en-US","@id":"https:\/\/innow.pl\/produkt\/s412e-kozetka-z-elektryczna-regulacja-wysokosci\/#primaryimage","url":"https:\/\/innow.pl\/wp-content\/uploads\/2024\/11\/S412Ekozetka.jpg","contentUrl":"https:\/\/innow.pl\/wp-content\/uploads\/2024\/11\/S412Ekozetka.jpg","width":800,"height":800,"caption":"Kozetka z elektryczn\u0105 regulacj\u0105 wysoko\u015bci \u2013 S412E \u2013 INNOW"},{"@type":"BreadcrumbList","@id":"https:\/\/innow.pl\/produkt\/s412e-kozetka-z-elektryczna-regulacja-wysokosci\/#breadcrumb","itemListElement":[{"@type":"ListItem","position":1,"name":"INNOW","item":"https:\/\/innow.pl\/en\/"},{"@type":"ListItem","position":2,"name":"Produkty","item":"https:\/\/innow.pl\/produkty\/"},{"@type":"ListItem","position":3,"name":"Meble medyczne","item":"https:\/\/innow.pl\/produkty\/meble-medyczne\/"},{"@type":"ListItem","position":4,"name":"Kozetki","item":"https:\/\/innow.pl\/produkty\/meble-medyczne\/kozetki\/"},{"@type":"ListItem","position":5,"name":"Kozetki podnoszone","item":"https:\/\/innow.pl\/produkty\/meble-medyczne\/kozetki\/kozetki-podnoszone\/"},{"@type":"ListItem","position":6,"name":"S412EK &#8211; Kozetka lekarska z elektryczn\u0105 regulacj\u0105 wysoko\u015bci"}]},{"@type":"WebSite","@id":"https:\/\/innow.pl\/#website","url":"https:\/\/innow.pl\/","name":"INNOW","description":"","potentialAction":[{"@type":"SearchAction","target":{"@type":"EntryPoint","urlTemplate":"https:\/\/innow.pl\/?s={search_term_string}"},"query-input":{"@type":"PropertyValueSpecification","valueRequired":true,"valueName":"search_term_string"}}],"inLanguage":"en-US"}]}},"_links":{"self":[{"href":"https:\/\/innow.pl\/en\/wp-json\/wp\/v2\/product\/23491","targetHints":{"allow":["GET"]}}],"collection":[{"href":"https:\/\/innow.pl\/en\/wp-json\/wp\/v2\/product"}],"about":[{"href":"https:\/\/innow.pl\/en\/wp-json\/wp\/v2\/types\/product"}],"replies":[{"embeddable":true,"href":"https:\/\/innow.pl\/en\/wp-json\/wp\/v2\/comments?post=23491"}],"wp:featuredmedia":[{"embeddable":true,"href":"https:\/\/innow.pl\/en\/wp-json\/wp\/v2\/media\/23494"}],"wp:attachment":[{"href":"https:\/\/innow.pl\/en\/wp-json\/wp\/v2\/media?parent=23491"}],"wp:term":[{"taxonomy":"product_brand","embeddable":true,"href":"https:\/\/innow.pl\/en\/wp-json\/wp\/v2\/product_brand?post=23491"},{"taxonomy":"product_cat","embeddable":true,"href":"https:\/\/innow.pl\/en\/wp-json\/wp\/v2\/product_cat?post=23491"},{"taxonomy":"product_tag","embeddable":true,"href":"https:\/\/innow.pl\/en\/wp-json\/wp\/v2\/product_tag?post=23491"}],"curies":[{"name":"wp","href":"https:\/\/api.w.org\/{rel}","templated":true}]}}