{"id":23417,"date":"2019-05-30T08:24:41","date_gmt":"2019-05-30T06:24:41","guid":{"rendered":"https:\/\/innow.pl\/produkt\/s46-stol-przejezdny-kozetka-na-kolach\/"},"modified":"2026-03-27T13:56:30","modified_gmt":"2026-03-27T12:56:30","slug":"s46-stol-przejezdny-kozetka-na-kolach","status":"publish","type":"product","link":"https:\/\/innow.pl\/en\/produkt\/s46-stol-przejezdny-kozetka-na-kolach\/","title":{"rendered":"S46 &#8211; St\u00f3\u0142 rehabilitacyjny &#8211; kozetka na ko\u0142ach"},"content":{"rendered":"<p>Kozetka lekarska (kozetka zabiegowa, le\u017canka rehabilitacyjna) na k\u00f3\u0142kach S46 przeznaczona jest do u\u017cytku wewn\u0105trz pomieszcze\u0144 w szpitalach, o\u015brodkach rehabilitacyjnych, czy innych plac\u00f3wkach s\u0142u\u017cby zdrowia. Nie jest przeznaczona do transportu pacjent\u00f3w &#8211; ko\u0142a zwrotne z blokad\u0105, w kt\u00f3re jest wyposa\u017cona, s\u0142u\u017c\u0105 do przemieszczania samej kozetki. Produkt ten posiada r\u00f3wnie\u017c mechaniczn\u0105 (opcjonalnie za pomoc\u0105 spr\u0119\u017cyny gazowej)\u00a0regulacj\u0119 podg\u0142\u00f3wka do + 45\u00b0. Dodatkowe wyposa\u017cenie widoczne pod opisem. \u00a0<\/p>\n<p style=\"text-align: left\"><a>Informacje o w\u0142a\u015bciwo\u015bciach dost\u0119pnych <strong>materia\u0142\u00f3w obiciowych<\/strong> dost\u0119pne po klikni\u0119ciu w zdj\u0119cie:<\/a><\/p>\n<p style=\"text-align: left\"><a href=\"https:\/\/innow.pl\/publikacje\/KatalogPDF\/Pokrycia-obiciowe-tapicerki.pdf\" target=\"_blank\" rel=\"noopener\"><img decoding=\"async\" src=\"https:\/\/innow.pl\/wp-content\/uploads\/2024\/11\/Tapicerki.jpg\" \/><\/a><\/p>\n","protected":false},"excerpt":{"rendered":"<p>Kozetka lekarska (kozetka zabiegowa, le\u017canka rehabilitacyjna) na k\u00f3\u0142kach S46 przeznaczona jest do u\u017cytku wewn\u0105trz pomieszcze\u0144 w szpitalach, o\u015brodkach rehabilitacyjnych, czy innych plac\u00f3wkach s\u0142u\u017cby zdrowia. Nie jest przeznaczona do transportu pacjent\u00f3w &#8211; ko\u0142a zwrotne z blokad\u0105, w kt\u00f3re jest wyposa\u017cona, s\u0142u\u017c\u0105 do przemieszczania samej kozetki. Produkt ten posiada r\u00f3wnie\u017c mechaniczn\u0105 (opcjonalnie za pomoc\u0105 spr\u0119\u017cyny gazowej)\u00a0regulacj\u0119 podg\u0142\u00f3wka [&hellip;]<\/p>\n","protected":false},"featured_media":23420,"comment_status":"open","ping_status":"closed","template":"","meta":{"_acf_changed":false},"product_brand":[],"product_cat":[463,467,440],"product_tag":[],"class_list":{"0":"post-23417","1":"product","2":"type-product","3":"status-publish","4":"has-post-thumbnail","6":"product_cat-kozetki","7":"product_cat-kozetki-na-kolach","8":"product_cat-meble-medyczne","9":"pa_dlugosc-200-cm","10":"pa_regulacja-podglowka-w-gore-631","11":"pa_szerokosc-standardowa-60-cm","12":"pa_szerokosc-za-doplata-70-cm-230-zl-netto","13":"pa_wysokosc-standardowa-60-cm","14":"pa_wysokosc-za-doplata-50-cm-105-zl-netto","16":"first","17":"instock","18":"taxable","19":"shipping-taxable","20":"purchasable","21":"product-type-simple"},"acf":[],"yoast_head":"<!-- This site is optimized with the Yoast SEO plugin v27.4 - https:\/\/yoast.com\/product\/yoast-seo-wordpress\/ -->\n<title>S46 - St\u00f3\u0142 rehabilitacyjny - kozetka na ko\u0142ach - INNOW<\/title>\n<meta name=\"description\" content=\"Niedrogi st\u00f3\u0142 rehabilitacyjny - kozetka na ko\u0142ach umo\u017cliwiaj\u0105cych jej przemieszczanie. Wyb\u00f3r koloru tapicerki spo\u015br\u00f3d wielu dost\u0119pnych w ofercie! Kliknij!\" \/>\n<meta name=\"robots\" content=\"index, follow, max-snippet:-1, max-image-preview:large, max-video-preview:-1\" \/>\n<link rel=\"canonical\" href=\"https:\/\/innow.pl\/produkt\/s46-stol-przejezdny-kozetka-na-kolach\/\" \/>\n<meta property=\"og:locale\" content=\"en_US\" \/>\n<meta property=\"og:type\" content=\"article\" \/>\n<meta property=\"og:title\" content=\"S46 - St\u00f3\u0142 rehabilitacyjny - kozetka na ko\u0142ach - INNOW\" \/>\n<meta property=\"og:description\" content=\"Niedrogi st\u00f3\u0142 rehabilitacyjny - kozetka na ko\u0142ach umo\u017cliwiaj\u0105cych jej przemieszczanie. Wyb\u00f3r koloru tapicerki spo\u015br\u00f3d wielu dost\u0119pnych w ofercie! Kliknij!\" \/>\n<meta property=\"og:url\" content=\"https:\/\/innow.pl\/produkt\/s46-stol-przejezdny-kozetka-na-kolach\/\" \/>\n<meta property=\"og:site_name\" content=\"INNOW\" \/>\n<meta property=\"article:modified_time\" content=\"2026-03-27T12:56:30+00:00\" \/>\n<meta property=\"og:image\" content=\"https:\/\/innow.pl\/wp-content\/uploads\/2024\/11\/S46_.jpg\" \/>\n\t<meta property=\"og:image:width\" content=\"800\" \/>\n\t<meta property=\"og:image:height\" content=\"800\" \/>\n\t<meta property=\"og:image:type\" content=\"image\/jpeg\" \/>\n<meta name=\"twitter:card\" content=\"summary_large_image\" \/>\n<meta name=\"twitter:label1\" content=\"Est. reading time\" \/>\n\t<meta name=\"twitter:data1\" content=\"1 minute\" \/>\n<script type=\"application\/ld+json\" class=\"yoast-schema-graph\">{\"@context\":\"https:\\\/\\\/schema.org\",\"@graph\":[{\"@type\":\"WebPage\",\"@id\":\"https:\\\/\\\/innow.pl\\\/produkt\\\/s46-stol-przejezdny-kozetka-na-kolach\\\/\",\"url\":\"https:\\\/\\\/innow.pl\\\/produkt\\\/s46-stol-przejezdny-kozetka-na-kolach\\\/\",\"name\":\"S46 - St\u00f3\u0142 rehabilitacyjny - kozetka na ko\u0142ach - INNOW\",\"isPartOf\":{\"@id\":\"https:\\\/\\\/innow.pl\\\/#website\"},\"primaryImageOfPage\":{\"@id\":\"https:\\\/\\\/innow.pl\\\/produkt\\\/s46-stol-przejezdny-kozetka-na-kolach\\\/#primaryimage\"},\"image\":{\"@id\":\"https:\\\/\\\/innow.pl\\\/produkt\\\/s46-stol-przejezdny-kozetka-na-kolach\\\/#primaryimage\"},\"thumbnailUrl\":\"https:\\\/\\\/innow.pl\\\/wp-content\\\/uploads\\\/2024\\\/11\\\/S46_.jpg\",\"datePublished\":\"2019-05-30T06:24:41+00:00\",\"dateModified\":\"2026-03-27T12:56:30+00:00\",\"description\":\"Niedrogi st\u00f3\u0142 rehabilitacyjny - kozetka na ko\u0142ach umo\u017cliwiaj\u0105cych jej przemieszczanie. Wyb\u00f3r koloru tapicerki spo\u015br\u00f3d wielu dost\u0119pnych w ofercie! Kliknij!\",\"breadcrumb\":{\"@id\":\"https:\\\/\\\/innow.pl\\\/produkt\\\/s46-stol-przejezdny-kozetka-na-kolach\\\/#breadcrumb\"},\"inLanguage\":\"en-US\",\"potentialAction\":[{\"@type\":\"ReadAction\",\"target\":[\"https:\\\/\\\/innow.pl\\\/produkt\\\/s46-stol-przejezdny-kozetka-na-kolach\\\/\"]}]},{\"@type\":\"ImageObject\",\"inLanguage\":\"en-US\",\"@id\":\"https:\\\/\\\/innow.pl\\\/produkt\\\/s46-stol-przejezdny-kozetka-na-kolach\\\/#primaryimage\",\"url\":\"https:\\\/\\\/innow.pl\\\/wp-content\\\/uploads\\\/2024\\\/11\\\/S46_.jpg\",\"contentUrl\":\"https:\\\/\\\/innow.pl\\\/wp-content\\\/uploads\\\/2024\\\/11\\\/S46_.jpg\",\"width\":800,\"height\":800,\"caption\":\"St\u00f3\u0142 rehabilitacyjny \u2013 kozetka na ko\u0142ach \u2013 S46 \u2013 INNOW\"},{\"@type\":\"BreadcrumbList\",\"@id\":\"https:\\\/\\\/innow.pl\\\/produkt\\\/s46-stol-przejezdny-kozetka-na-kolach\\\/#breadcrumb\",\"itemListElement\":[{\"@type\":\"ListItem\",\"position\":1,\"name\":\"INNOW\",\"item\":\"https:\\\/\\\/innow.pl\\\/en\\\/\"},{\"@type\":\"ListItem\",\"position\":2,\"name\":\"Produkty\",\"item\":\"https:\\\/\\\/innow.pl\\\/produkty\\\/\"},{\"@type\":\"ListItem\",\"position\":3,\"name\":\"Meble medyczne\",\"item\":\"https:\\\/\\\/innow.pl\\\/produkty\\\/meble-medyczne\\\/\"},{\"@type\":\"ListItem\",\"position\":4,\"name\":\"Kozetki\",\"item\":\"https:\\\/\\\/innow.pl\\\/produkty\\\/meble-medyczne\\\/kozetki\\\/\"},{\"@type\":\"ListItem\",\"position\":5,\"name\":\"Kozetki na ko\u0142ach\",\"item\":\"https:\\\/\\\/innow.pl\\\/produkty\\\/meble-medyczne\\\/kozetki\\\/kozetki-na-kolach\\\/\"},{\"@type\":\"ListItem\",\"position\":6,\"name\":\"S46 &#8211; St\u00f3\u0142 rehabilitacyjny &#8211; kozetka na ko\u0142ach\"}]},{\"@type\":\"WebSite\",\"@id\":\"https:\\\/\\\/innow.pl\\\/#website\",\"url\":\"https:\\\/\\\/innow.pl\\\/\",\"name\":\"INNOW\",\"description\":\"\",\"potentialAction\":[{\"@type\":\"SearchAction\",\"target\":{\"@type\":\"EntryPoint\",\"urlTemplate\":\"https:\\\/\\\/innow.pl\\\/?s={search_term_string}\"},\"query-input\":{\"@type\":\"PropertyValueSpecification\",\"valueRequired\":true,\"valueName\":\"search_term_string\"}}],\"inLanguage\":\"en-US\"}]}<\/script>\n<!-- \/ Yoast SEO plugin. -->","yoast_head_json":{"title":"S46 - St\u00f3\u0142 rehabilitacyjny - kozetka na ko\u0142ach - INNOW","description":"Niedrogi st\u00f3\u0142 rehabilitacyjny - kozetka na ko\u0142ach umo\u017cliwiaj\u0105cych jej przemieszczanie. Wyb\u00f3r koloru tapicerki spo\u015br\u00f3d wielu dost\u0119pnych w ofercie! Kliknij!","robots":{"index":"index","follow":"follow","max-snippet":"max-snippet:-1","max-image-preview":"max-image-preview:large","max-video-preview":"max-video-preview:-1"},"canonical":"https:\/\/innow.pl\/produkt\/s46-stol-przejezdny-kozetka-na-kolach\/","og_locale":"en_US","og_type":"article","og_title":"S46 - St\u00f3\u0142 rehabilitacyjny - kozetka na ko\u0142ach - INNOW","og_description":"Niedrogi st\u00f3\u0142 rehabilitacyjny - kozetka na ko\u0142ach umo\u017cliwiaj\u0105cych jej przemieszczanie. Wyb\u00f3r koloru tapicerki spo\u015br\u00f3d wielu dost\u0119pnych w ofercie! Kliknij!","og_url":"https:\/\/innow.pl\/produkt\/s46-stol-przejezdny-kozetka-na-kolach\/","og_site_name":"INNOW","article_modified_time":"2026-03-27T12:56:30+00:00","og_image":[{"width":800,"height":800,"url":"https:\/\/innow.pl\/wp-content\/uploads\/2024\/11\/S46_.jpg","type":"image\/jpeg"}],"twitter_card":"summary_large_image","twitter_misc":{"Est. reading time":"1 minute"},"schema":{"@context":"https:\/\/schema.org","@graph":[{"@type":"WebPage","@id":"https:\/\/innow.pl\/produkt\/s46-stol-przejezdny-kozetka-na-kolach\/","url":"https:\/\/innow.pl\/produkt\/s46-stol-przejezdny-kozetka-na-kolach\/","name":"S46 - St\u00f3\u0142 rehabilitacyjny - kozetka na ko\u0142ach - INNOW","isPartOf":{"@id":"https:\/\/innow.pl\/#website"},"primaryImageOfPage":{"@id":"https:\/\/innow.pl\/produkt\/s46-stol-przejezdny-kozetka-na-kolach\/#primaryimage"},"image":{"@id":"https:\/\/innow.pl\/produkt\/s46-stol-przejezdny-kozetka-na-kolach\/#primaryimage"},"thumbnailUrl":"https:\/\/innow.pl\/wp-content\/uploads\/2024\/11\/S46_.jpg","datePublished":"2019-05-30T06:24:41+00:00","dateModified":"2026-03-27T12:56:30+00:00","description":"Niedrogi st\u00f3\u0142 rehabilitacyjny - kozetka na ko\u0142ach umo\u017cliwiaj\u0105cych jej przemieszczanie. Wyb\u00f3r koloru tapicerki spo\u015br\u00f3d wielu dost\u0119pnych w ofercie! Kliknij!","breadcrumb":{"@id":"https:\/\/innow.pl\/produkt\/s46-stol-przejezdny-kozetka-na-kolach\/#breadcrumb"},"inLanguage":"en-US","potentialAction":[{"@type":"ReadAction","target":["https:\/\/innow.pl\/produkt\/s46-stol-przejezdny-kozetka-na-kolach\/"]}]},{"@type":"ImageObject","inLanguage":"en-US","@id":"https:\/\/innow.pl\/produkt\/s46-stol-przejezdny-kozetka-na-kolach\/#primaryimage","url":"https:\/\/innow.pl\/wp-content\/uploads\/2024\/11\/S46_.jpg","contentUrl":"https:\/\/innow.pl\/wp-content\/uploads\/2024\/11\/S46_.jpg","width":800,"height":800,"caption":"St\u00f3\u0142 rehabilitacyjny \u2013 kozetka na ko\u0142ach \u2013 S46 \u2013 INNOW"},{"@type":"BreadcrumbList","@id":"https:\/\/innow.pl\/produkt\/s46-stol-przejezdny-kozetka-na-kolach\/#breadcrumb","itemListElement":[{"@type":"ListItem","position":1,"name":"INNOW","item":"https:\/\/innow.pl\/en\/"},{"@type":"ListItem","position":2,"name":"Produkty","item":"https:\/\/innow.pl\/produkty\/"},{"@type":"ListItem","position":3,"name":"Meble medyczne","item":"https:\/\/innow.pl\/produkty\/meble-medyczne\/"},{"@type":"ListItem","position":4,"name":"Kozetki","item":"https:\/\/innow.pl\/produkty\/meble-medyczne\/kozetki\/"},{"@type":"ListItem","position":5,"name":"Kozetki na ko\u0142ach","item":"https:\/\/innow.pl\/produkty\/meble-medyczne\/kozetki\/kozetki-na-kolach\/"},{"@type":"ListItem","position":6,"name":"S46 &#8211; St\u00f3\u0142 rehabilitacyjny &#8211; kozetka na ko\u0142ach"}]},{"@type":"WebSite","@id":"https:\/\/innow.pl\/#website","url":"https:\/\/innow.pl\/","name":"INNOW","description":"","potentialAction":[{"@type":"SearchAction","target":{"@type":"EntryPoint","urlTemplate":"https:\/\/innow.pl\/?s={search_term_string}"},"query-input":{"@type":"PropertyValueSpecification","valueRequired":true,"valueName":"search_term_string"}}],"inLanguage":"en-US"}]}},"_links":{"self":[{"href":"https:\/\/innow.pl\/en\/wp-json\/wp\/v2\/product\/23417","targetHints":{"allow":["GET"]}}],"collection":[{"href":"https:\/\/innow.pl\/en\/wp-json\/wp\/v2\/product"}],"about":[{"href":"https:\/\/innow.pl\/en\/wp-json\/wp\/v2\/types\/product"}],"replies":[{"embeddable":true,"href":"https:\/\/innow.pl\/en\/wp-json\/wp\/v2\/comments?post=23417"}],"wp:featuredmedia":[{"embeddable":true,"href":"https:\/\/innow.pl\/en\/wp-json\/wp\/v2\/media\/23420"}],"wp:attachment":[{"href":"https:\/\/innow.pl\/en\/wp-json\/wp\/v2\/media?parent=23417"}],"wp:term":[{"taxonomy":"product_brand","embeddable":true,"href":"https:\/\/innow.pl\/en\/wp-json\/wp\/v2\/product_brand?post=23417"},{"taxonomy":"product_cat","embeddable":true,"href":"https:\/\/innow.pl\/en\/wp-json\/wp\/v2\/product_cat?post=23417"},{"taxonomy":"product_tag","embeddable":true,"href":"https:\/\/innow.pl\/en\/wp-json\/wp\/v2\/product_tag?post=23417"}],"curies":[{"name":"wp","href":"https:\/\/api.w.org\/{rel}","templated":true}]}}