{"id":23360,"date":"2017-05-30T07:11:37","date_gmt":"2017-05-30T05:11:37","guid":{"rendered":"https:\/\/innow.pl\/produkt\/podajnik-podkladow-ochronnych-metalowy-do-stolow-rehabilitacyjnych\/"},"modified":"2025-11-27T09:58:15","modified_gmt":"2025-11-27T08:58:15","slug":"podajnik-podkladow-ochronnych-metalowy-do-stolow-rehabilitacyjnych","status":"publish","type":"product","link":"https:\/\/innow.pl\/en\/produkt\/podajnik-podkladow-ochronnych-metalowy-do-stolow-rehabilitacyjnych\/","title":{"rendered":"POD [sto\u0142y reh.] &#8211; Podajnik podk\u0142ad\u00f3w ochronnych nierdzewny &#8211; do sto\u0142\u00f3w rehabilitacyjnych"},"content":{"rendered":"<p>Podajnik z metalu (stal INOX) montowany do sto\u0142u. Zapewnia swobodny i szybki dost\u0119p do umieszczonej na nim rolki podk\u0142adu ochronnego. Standardowo umieszczany od strony sekcji oparcia n\u00f3g. \/Mo\u017cna zam\u00f3wi\u0107 r\u00f3wnie\u017c podajnik montowany od strony sekcji podg\u0142\u00f3wka (cena: 139 z\u0142 netto)\/ \/Do sto\u0142\u00f3w z opcj\u0105 &#8220;+\/-&#8221; 159 z\u0142 netto\/ \/O wyborze tej opcji trzeba poinformowa\u0107 przy dokonywaniu zam\u00f3wienia\/. <em>Inne nazwy: podajnik podk\u0142ad\u00f3w, wieszak na r\u0119czniki.<\/em><\/p>\n","protected":false},"excerpt":{"rendered":"<p>Podajnik z metalu (stal INOX) montowany do sto\u0142u. Zapewnia swobodny i szybki dost\u0119p do umieszczonej na nim rolki podk\u0142adu ochronnego. Standardowo umieszczany od strony sekcji oparcia n\u00f3g. \/Mo\u017cna zam\u00f3wi\u0107 r\u00f3wnie\u017c podajnik montowany od strony sekcji podg\u0142\u00f3wka (cena: 139 z\u0142 netto)\/ \/Do sto\u0142\u00f3w z opcj\u0105 &#8220;+\/-&#8221; 159 z\u0142 netto\/ \/O wyborze tej opcji trzeba poinformowa\u0107 przy [&hellip;]<\/p>\n","protected":false},"featured_media":23362,"comment_status":"open","ping_status":"closed","template":"","meta":{"_acf_changed":false},"product_brand":[],"product_cat":[395,431],"product_tag":[],"class_list":{"0":"post-23360","1":"product","2":"type-product","3":"status-publish","4":"has-post-thumbnail","6":"product_cat-ochrona-i-dezynfekcja","7":"product_cat-podajniki-podkladow-ochronnych","9":"first","10":"instock","11":"taxable","12":"shipping-taxable","13":"purchasable","14":"product-type-simple"},"acf":[],"yoast_head":"<!-- This site is optimized with the Yoast SEO plugin v27.4 - https:\/\/yoast.com\/product\/yoast-seo-wordpress\/ -->\n<title>POD [sto\u0142y reh.] - Podajnik podk\u0142ad\u00f3w ochronnych nierdzewny - do sto\u0142\u00f3w rehabilitacyjnych - INNOW<\/title>\n<meta name=\"description\" content=\"Estetyczny podajnik podk\u0142ad\u00f3w ochronnych nierdzewny - do sto\u0142\u00f3w rehabilitacyjnych, montowany do sto\u0142u. Wygodne korzystanie z podk\u0142ad\u00f3w. Sprawd\u017a szczeg\u00f3\u0142y!\" \/>\n<meta name=\"robots\" content=\"index, follow, max-snippet:-1, max-image-preview:large, max-video-preview:-1\" \/>\n<link rel=\"canonical\" href=\"https:\/\/innow.pl\/produkt\/podajnik-podkladow-ochronnych-metalowy-do-stolow-rehabilitacyjnych\/\" \/>\n<meta property=\"og:locale\" content=\"en_US\" \/>\n<meta property=\"og:type\" content=\"article\" \/>\n<meta property=\"og:title\" content=\"POD [sto\u0142y reh.] - Podajnik podk\u0142ad\u00f3w ochronnych nierdzewny - do sto\u0142\u00f3w rehabilitacyjnych - INNOW\" \/>\n<meta property=\"og:description\" content=\"Estetyczny podajnik podk\u0142ad\u00f3w ochronnych nierdzewny - do sto\u0142\u00f3w rehabilitacyjnych, montowany do sto\u0142u. Wygodne korzystanie z podk\u0142ad\u00f3w. Sprawd\u017a szczeg\u00f3\u0142y!\" \/>\n<meta property=\"og:url\" content=\"https:\/\/innow.pl\/produkt\/podajnik-podkladow-ochronnych-metalowy-do-stolow-rehabilitacyjnych\/\" \/>\n<meta property=\"og:site_name\" content=\"INNOW\" \/>\n<meta property=\"article:modified_time\" content=\"2025-11-27T08:58:15+00:00\" \/>\n<meta property=\"og:image\" content=\"https:\/\/innow.pl\/wp-content\/uploads\/2024\/11\/podajnik-podkladow-ochronnych-1.jpg\" \/>\n\t<meta property=\"og:image:width\" content=\"480\" \/>\n\t<meta property=\"og:image:height\" content=\"480\" \/>\n\t<meta property=\"og:image:type\" content=\"image\/jpeg\" \/>\n<meta name=\"twitter:card\" content=\"summary_large_image\" \/>\n<meta name=\"twitter:label1\" content=\"Est. reading time\" \/>\n\t<meta name=\"twitter:data1\" content=\"1 minute\" \/>\n<script type=\"application\/ld+json\" class=\"yoast-schema-graph\">{\"@context\":\"https:\\\/\\\/schema.org\",\"@graph\":[{\"@type\":\"WebPage\",\"@id\":\"https:\\\/\\\/innow.pl\\\/produkt\\\/podajnik-podkladow-ochronnych-metalowy-do-stolow-rehabilitacyjnych\\\/\",\"url\":\"https:\\\/\\\/innow.pl\\\/produkt\\\/podajnik-podkladow-ochronnych-metalowy-do-stolow-rehabilitacyjnych\\\/\",\"name\":\"POD [sto\u0142y reh.] - Podajnik podk\u0142ad\u00f3w ochronnych nierdzewny - do sto\u0142\u00f3w rehabilitacyjnych - INNOW\",\"isPartOf\":{\"@id\":\"https:\\\/\\\/innow.pl\\\/#website\"},\"primaryImageOfPage\":{\"@id\":\"https:\\\/\\\/innow.pl\\\/produkt\\\/podajnik-podkladow-ochronnych-metalowy-do-stolow-rehabilitacyjnych\\\/#primaryimage\"},\"image\":{\"@id\":\"https:\\\/\\\/innow.pl\\\/produkt\\\/podajnik-podkladow-ochronnych-metalowy-do-stolow-rehabilitacyjnych\\\/#primaryimage\"},\"thumbnailUrl\":\"https:\\\/\\\/innow.pl\\\/wp-content\\\/uploads\\\/2024\\\/11\\\/podajnik-podkladow-ochronnych-1.jpg\",\"datePublished\":\"2017-05-30T05:11:37+00:00\",\"dateModified\":\"2025-11-27T08:58:15+00:00\",\"description\":\"Estetyczny podajnik podk\u0142ad\u00f3w ochronnych nierdzewny - do sto\u0142\u00f3w rehabilitacyjnych, montowany do sto\u0142u. Wygodne korzystanie z podk\u0142ad\u00f3w. Sprawd\u017a szczeg\u00f3\u0142y!\",\"breadcrumb\":{\"@id\":\"https:\\\/\\\/innow.pl\\\/produkt\\\/podajnik-podkladow-ochronnych-metalowy-do-stolow-rehabilitacyjnych\\\/#breadcrumb\"},\"inLanguage\":\"en-US\",\"potentialAction\":[{\"@type\":\"ReadAction\",\"target\":[\"https:\\\/\\\/innow.pl\\\/produkt\\\/podajnik-podkladow-ochronnych-metalowy-do-stolow-rehabilitacyjnych\\\/\"]}]},{\"@type\":\"ImageObject\",\"inLanguage\":\"en-US\",\"@id\":\"https:\\\/\\\/innow.pl\\\/produkt\\\/podajnik-podkladow-ochronnych-metalowy-do-stolow-rehabilitacyjnych\\\/#primaryimage\",\"url\":\"https:\\\/\\\/innow.pl\\\/wp-content\\\/uploads\\\/2024\\\/11\\\/podajnik-podkladow-ochronnych-1.jpg\",\"contentUrl\":\"https:\\\/\\\/innow.pl\\\/wp-content\\\/uploads\\\/2024\\\/11\\\/podajnik-podkladow-ochronnych-1.jpg\",\"width\":480,\"height\":480,\"caption\":\"Podajnik podk\u0142ad\u00f3w ochronnych metalowy - do sto\u0142\u00f3w rehabilitacyjnych \u2013 POD (sto\u0142y reh.) \u2013 INNOW\"},{\"@type\":\"BreadcrumbList\",\"@id\":\"https:\\\/\\\/innow.pl\\\/produkt\\\/podajnik-podkladow-ochronnych-metalowy-do-stolow-rehabilitacyjnych\\\/#breadcrumb\",\"itemListElement\":[{\"@type\":\"ListItem\",\"position\":1,\"name\":\"INNOW\",\"item\":\"https:\\\/\\\/innow.pl\\\/en\\\/\"},{\"@type\":\"ListItem\",\"position\":2,\"name\":\"Produkty\",\"item\":\"https:\\\/\\\/innow.pl\\\/produkty\\\/\"},{\"@type\":\"ListItem\",\"position\":3,\"name\":\"Ochrona i dezynfekcja\",\"item\":\"https:\\\/\\\/innow.pl\\\/produkty\\\/ochrona-i-dezynfekcja\\\/\"},{\"@type\":\"ListItem\",\"position\":4,\"name\":\"Podajniki podk\u0142ad\u00f3w ochronnych\",\"item\":\"https:\\\/\\\/innow.pl\\\/produkty\\\/ochrona-i-dezynfekcja\\\/podajniki-podkladow-ochronnych\\\/\"},{\"@type\":\"ListItem\",\"position\":5,\"name\":\"POD [sto\u0142y reh.] &#8211; Podajnik podk\u0142ad\u00f3w ochronnych nierdzewny &#8211; do sto\u0142\u00f3w rehabilitacyjnych\"}]},{\"@type\":\"WebSite\",\"@id\":\"https:\\\/\\\/innow.pl\\\/#website\",\"url\":\"https:\\\/\\\/innow.pl\\\/\",\"name\":\"INNOW\",\"description\":\"\",\"potentialAction\":[{\"@type\":\"SearchAction\",\"target\":{\"@type\":\"EntryPoint\",\"urlTemplate\":\"https:\\\/\\\/innow.pl\\\/?s={search_term_string}\"},\"query-input\":{\"@type\":\"PropertyValueSpecification\",\"valueRequired\":true,\"valueName\":\"search_term_string\"}}],\"inLanguage\":\"en-US\"}]}<\/script>\n<!-- \/ Yoast SEO plugin. -->","yoast_head_json":{"title":"POD [sto\u0142y reh.] - Podajnik podk\u0142ad\u00f3w ochronnych nierdzewny - do sto\u0142\u00f3w rehabilitacyjnych - INNOW","description":"Estetyczny podajnik podk\u0142ad\u00f3w ochronnych nierdzewny - do sto\u0142\u00f3w rehabilitacyjnych, montowany do sto\u0142u. Wygodne korzystanie z podk\u0142ad\u00f3w. Sprawd\u017a szczeg\u00f3\u0142y!","robots":{"index":"index","follow":"follow","max-snippet":"max-snippet:-1","max-image-preview":"max-image-preview:large","max-video-preview":"max-video-preview:-1"},"canonical":"https:\/\/innow.pl\/produkt\/podajnik-podkladow-ochronnych-metalowy-do-stolow-rehabilitacyjnych\/","og_locale":"en_US","og_type":"article","og_title":"POD [sto\u0142y reh.] - Podajnik podk\u0142ad\u00f3w ochronnych nierdzewny - do sto\u0142\u00f3w rehabilitacyjnych - INNOW","og_description":"Estetyczny podajnik podk\u0142ad\u00f3w ochronnych nierdzewny - do sto\u0142\u00f3w rehabilitacyjnych, montowany do sto\u0142u. Wygodne korzystanie z podk\u0142ad\u00f3w. Sprawd\u017a szczeg\u00f3\u0142y!","og_url":"https:\/\/innow.pl\/produkt\/podajnik-podkladow-ochronnych-metalowy-do-stolow-rehabilitacyjnych\/","og_site_name":"INNOW","article_modified_time":"2025-11-27T08:58:15+00:00","og_image":[{"width":480,"height":480,"url":"https:\/\/innow.pl\/wp-content\/uploads\/2024\/11\/podajnik-podkladow-ochronnych-1.jpg","type":"image\/jpeg"}],"twitter_card":"summary_large_image","twitter_misc":{"Est. reading time":"1 minute"},"schema":{"@context":"https:\/\/schema.org","@graph":[{"@type":"WebPage","@id":"https:\/\/innow.pl\/produkt\/podajnik-podkladow-ochronnych-metalowy-do-stolow-rehabilitacyjnych\/","url":"https:\/\/innow.pl\/produkt\/podajnik-podkladow-ochronnych-metalowy-do-stolow-rehabilitacyjnych\/","name":"POD [sto\u0142y reh.] - Podajnik podk\u0142ad\u00f3w ochronnych nierdzewny - do sto\u0142\u00f3w rehabilitacyjnych - INNOW","isPartOf":{"@id":"https:\/\/innow.pl\/#website"},"primaryImageOfPage":{"@id":"https:\/\/innow.pl\/produkt\/podajnik-podkladow-ochronnych-metalowy-do-stolow-rehabilitacyjnych\/#primaryimage"},"image":{"@id":"https:\/\/innow.pl\/produkt\/podajnik-podkladow-ochronnych-metalowy-do-stolow-rehabilitacyjnych\/#primaryimage"},"thumbnailUrl":"https:\/\/innow.pl\/wp-content\/uploads\/2024\/11\/podajnik-podkladow-ochronnych-1.jpg","datePublished":"2017-05-30T05:11:37+00:00","dateModified":"2025-11-27T08:58:15+00:00","description":"Estetyczny podajnik podk\u0142ad\u00f3w ochronnych nierdzewny - do sto\u0142\u00f3w rehabilitacyjnych, montowany do sto\u0142u. Wygodne korzystanie z podk\u0142ad\u00f3w. Sprawd\u017a szczeg\u00f3\u0142y!","breadcrumb":{"@id":"https:\/\/innow.pl\/produkt\/podajnik-podkladow-ochronnych-metalowy-do-stolow-rehabilitacyjnych\/#breadcrumb"},"inLanguage":"en-US","potentialAction":[{"@type":"ReadAction","target":["https:\/\/innow.pl\/produkt\/podajnik-podkladow-ochronnych-metalowy-do-stolow-rehabilitacyjnych\/"]}]},{"@type":"ImageObject","inLanguage":"en-US","@id":"https:\/\/innow.pl\/produkt\/podajnik-podkladow-ochronnych-metalowy-do-stolow-rehabilitacyjnych\/#primaryimage","url":"https:\/\/innow.pl\/wp-content\/uploads\/2024\/11\/podajnik-podkladow-ochronnych-1.jpg","contentUrl":"https:\/\/innow.pl\/wp-content\/uploads\/2024\/11\/podajnik-podkladow-ochronnych-1.jpg","width":480,"height":480,"caption":"Podajnik podk\u0142ad\u00f3w ochronnych metalowy - do sto\u0142\u00f3w rehabilitacyjnych \u2013 POD (sto\u0142y reh.) \u2013 INNOW"},{"@type":"BreadcrumbList","@id":"https:\/\/innow.pl\/produkt\/podajnik-podkladow-ochronnych-metalowy-do-stolow-rehabilitacyjnych\/#breadcrumb","itemListElement":[{"@type":"ListItem","position":1,"name":"INNOW","item":"https:\/\/innow.pl\/en\/"},{"@type":"ListItem","position":2,"name":"Produkty","item":"https:\/\/innow.pl\/produkty\/"},{"@type":"ListItem","position":3,"name":"Ochrona i dezynfekcja","item":"https:\/\/innow.pl\/produkty\/ochrona-i-dezynfekcja\/"},{"@type":"ListItem","position":4,"name":"Podajniki podk\u0142ad\u00f3w ochronnych","item":"https:\/\/innow.pl\/produkty\/ochrona-i-dezynfekcja\/podajniki-podkladow-ochronnych\/"},{"@type":"ListItem","position":5,"name":"POD [sto\u0142y reh.] &#8211; Podajnik podk\u0142ad\u00f3w ochronnych nierdzewny &#8211; do sto\u0142\u00f3w rehabilitacyjnych"}]},{"@type":"WebSite","@id":"https:\/\/innow.pl\/#website","url":"https:\/\/innow.pl\/","name":"INNOW","description":"","potentialAction":[{"@type":"SearchAction","target":{"@type":"EntryPoint","urlTemplate":"https:\/\/innow.pl\/?s={search_term_string}"},"query-input":{"@type":"PropertyValueSpecification","valueRequired":true,"valueName":"search_term_string"}}],"inLanguage":"en-US"}]}},"_links":{"self":[{"href":"https:\/\/innow.pl\/en\/wp-json\/wp\/v2\/product\/23360","targetHints":{"allow":["GET"]}}],"collection":[{"href":"https:\/\/innow.pl\/en\/wp-json\/wp\/v2\/product"}],"about":[{"href":"https:\/\/innow.pl\/en\/wp-json\/wp\/v2\/types\/product"}],"replies":[{"embeddable":true,"href":"https:\/\/innow.pl\/en\/wp-json\/wp\/v2\/comments?post=23360"}],"wp:featuredmedia":[{"embeddable":true,"href":"https:\/\/innow.pl\/en\/wp-json\/wp\/v2\/media\/23362"}],"wp:attachment":[{"href":"https:\/\/innow.pl\/en\/wp-json\/wp\/v2\/media?parent=23360"}],"wp:term":[{"taxonomy":"product_brand","embeddable":true,"href":"https:\/\/innow.pl\/en\/wp-json\/wp\/v2\/product_brand?post=23360"},{"taxonomy":"product_cat","embeddable":true,"href":"https:\/\/innow.pl\/en\/wp-json\/wp\/v2\/product_cat?post=23360"},{"taxonomy":"product_tag","embeddable":true,"href":"https:\/\/innow.pl\/en\/wp-json\/wp\/v2\/product_tag?post=23360"}],"curies":[{"name":"wp","href":"https:\/\/api.w.org\/{rel}","templated":true}]}}