{"id":23344,"date":"2017-05-30T07:00:40","date_gmt":"2017-05-30T05:00:40","guid":{"rendered":"https:\/\/innow.pl\/produkt\/po-160-25-podklad-ochronny-51x160cm-walek-z-perforacja-25-odcinkow-c\/"},"modified":"2025-03-26T14:29:05","modified_gmt":"2025-03-26T13:29:05","slug":"po-160-25-podklad-ochronny-51x160cm-walek-z-perforacja-25-odcinkow-c","status":"publish","type":"product","link":"https:\/\/innow.pl\/en\/produkt\/po-160-25-podklad-ochronny-51x160cm-walek-z-perforacja-25-odcinkow-c\/","title":{"rendered":"PO 160-25 &#8211; Podk\u0142ad ochronny 51&#215;160 cm (wa\u0142ek z perforacj\u0105, 25 odcink\u00f3w)"},"content":{"rendered":"<p align=\"left\">Podk\u0142ad ochronny stosowany na sto\u0142y.<\/p>\n<p lang=\"pl-PL\" align=\"left\">Jeden wa\u0142ek posiada 25 odcink\u00f3w o wymiarach 51 x 160 cm.<\/p>\n<p lang=\"pl-PL\" align=\"left\">Do zakupienia w paczkach po 6 sztuk.<\/p>\n","protected":false},"excerpt":{"rendered":"<p>Podk\u0142ad ochronny stosowany na sto\u0142y. Jeden wa\u0142ek posiada 25 odcink\u00f3w o wymiarach 51 x 160 cm. Do zakupienia w paczkach po 6 sztuk.<\/p>\n","protected":false},"featured_media":23346,"comment_status":"open","ping_status":"closed","template":"","meta":{"_acf_changed":false},"product_brand":[],"product_cat":[395,432],"product_tag":[],"class_list":{"0":"post-23344","1":"product","2":"type-product","3":"status-publish","4":"has-post-thumbnail","6":"product_cat-ochrona-i-dezynfekcja","7":"product_cat-podklady-ochronne","9":"first","10":"instock","11":"taxable","12":"shipping-taxable","13":"purchasable","14":"product-type-simple"},"acf":[],"yoast_head":"<!-- This site is optimized with the Yoast SEO plugin v27.4 - https:\/\/yoast.com\/product\/yoast-seo-wordpress\/ -->\n<title>PO 160-25 - Podk\u0142ad ochronny 51x160 cm (wa\u0142ek z perforacj\u0105, 25 odcink\u00f3w) - INNOW<\/title>\n<meta name=\"description\" content=\"Odporny i wytrzyma\u0142y podk\u0142ad ochronny 51x160 cm wykorzystywany w gabinetach lekarskich, zabiegowych, na powierzchniach mebli medycznych. Kliknij!\" \/>\n<meta name=\"robots\" content=\"index, follow, max-snippet:-1, max-image-preview:large, max-video-preview:-1\" \/>\n<link rel=\"canonical\" href=\"https:\/\/innow.pl\/produkt\/po-160-25-podklad-ochronny-51x160cm-walek-z-perforacja-25-odcinkow-c\/\" \/>\n<meta property=\"og:locale\" content=\"en_US\" \/>\n<meta property=\"og:type\" content=\"article\" \/>\n<meta property=\"og:title\" content=\"PO 160-25 - Podk\u0142ad ochronny 51x160 cm (wa\u0142ek z perforacj\u0105, 25 odcink\u00f3w) - INNOW\" \/>\n<meta property=\"og:description\" content=\"Odporny i wytrzyma\u0142y podk\u0142ad ochronny 51x160 cm wykorzystywany w gabinetach lekarskich, zabiegowych, na powierzchniach mebli medycznych. Kliknij!\" \/>\n<meta property=\"og:url\" content=\"https:\/\/innow.pl\/produkt\/po-160-25-podklad-ochronny-51x160cm-walek-z-perforacja-25-odcinkow-c\/\" \/>\n<meta property=\"og:site_name\" content=\"INNOW\" \/>\n<meta property=\"article:modified_time\" content=\"2025-03-26T13:29:05+00:00\" \/>\n<meta property=\"og:image\" content=\"https:\/\/innow.pl\/wp-content\/uploads\/2024\/11\/PO_.jpg\" \/>\n\t<meta property=\"og:image:width\" content=\"433\" \/>\n\t<meta property=\"og:image:height\" content=\"480\" \/>\n\t<meta property=\"og:image:type\" content=\"image\/jpeg\" \/>\n<meta name=\"twitter:card\" content=\"summary_large_image\" \/>\n<meta name=\"twitter:label1\" content=\"Est. reading time\" \/>\n\t<meta name=\"twitter:data1\" content=\"1 minute\" \/>\n<script type=\"application\/ld+json\" class=\"yoast-schema-graph\">{\"@context\":\"https:\\\/\\\/schema.org\",\"@graph\":[{\"@type\":\"WebPage\",\"@id\":\"https:\\\/\\\/innow.pl\\\/produkt\\\/po-160-25-podklad-ochronny-51x160cm-walek-z-perforacja-25-odcinkow-c\\\/\",\"url\":\"https:\\\/\\\/innow.pl\\\/produkt\\\/po-160-25-podklad-ochronny-51x160cm-walek-z-perforacja-25-odcinkow-c\\\/\",\"name\":\"PO 160-25 - Podk\u0142ad ochronny 51x160 cm (wa\u0142ek z perforacj\u0105, 25 odcink\u00f3w) - INNOW\",\"isPartOf\":{\"@id\":\"https:\\\/\\\/innow.pl\\\/#website\"},\"primaryImageOfPage\":{\"@id\":\"https:\\\/\\\/innow.pl\\\/produkt\\\/po-160-25-podklad-ochronny-51x160cm-walek-z-perforacja-25-odcinkow-c\\\/#primaryimage\"},\"image\":{\"@id\":\"https:\\\/\\\/innow.pl\\\/produkt\\\/po-160-25-podklad-ochronny-51x160cm-walek-z-perforacja-25-odcinkow-c\\\/#primaryimage\"},\"thumbnailUrl\":\"https:\\\/\\\/innow.pl\\\/wp-content\\\/uploads\\\/2024\\\/11\\\/PO_.jpg\",\"datePublished\":\"2017-05-30T05:00:40+00:00\",\"dateModified\":\"2025-03-26T13:29:05+00:00\",\"description\":\"Odporny i wytrzyma\u0142y podk\u0142ad ochronny 51x160 cm wykorzystywany w gabinetach lekarskich, zabiegowych, na powierzchniach mebli medycznych. Kliknij!\",\"breadcrumb\":{\"@id\":\"https:\\\/\\\/innow.pl\\\/produkt\\\/po-160-25-podklad-ochronny-51x160cm-walek-z-perforacja-25-odcinkow-c\\\/#breadcrumb\"},\"inLanguage\":\"en-US\",\"potentialAction\":[{\"@type\":\"ReadAction\",\"target\":[\"https:\\\/\\\/innow.pl\\\/produkt\\\/po-160-25-podklad-ochronny-51x160cm-walek-z-perforacja-25-odcinkow-c\\\/\"]}]},{\"@type\":\"ImageObject\",\"inLanguage\":\"en-US\",\"@id\":\"https:\\\/\\\/innow.pl\\\/produkt\\\/po-160-25-podklad-ochronny-51x160cm-walek-z-perforacja-25-odcinkow-c\\\/#primaryimage\",\"url\":\"https:\\\/\\\/innow.pl\\\/wp-content\\\/uploads\\\/2024\\\/11\\\/PO_.jpg\",\"contentUrl\":\"https:\\\/\\\/innow.pl\\\/wp-content\\\/uploads\\\/2024\\\/11\\\/PO_.jpg\",\"width\":433,\"height\":480,\"caption\":\"Podk\u0142ad ochronny 51x160 cm \u2013 PO 160-25 \u2013 INNOW\"},{\"@type\":\"BreadcrumbList\",\"@id\":\"https:\\\/\\\/innow.pl\\\/produkt\\\/po-160-25-podklad-ochronny-51x160cm-walek-z-perforacja-25-odcinkow-c\\\/#breadcrumb\",\"itemListElement\":[{\"@type\":\"ListItem\",\"position\":1,\"name\":\"INNOW\",\"item\":\"https:\\\/\\\/innow.pl\\\/en\\\/\"},{\"@type\":\"ListItem\",\"position\":2,\"name\":\"Produkty\",\"item\":\"https:\\\/\\\/innow.pl\\\/produkty\\\/\"},{\"@type\":\"ListItem\",\"position\":3,\"name\":\"Ochrona i dezynfekcja\",\"item\":\"https:\\\/\\\/innow.pl\\\/produkty\\\/ochrona-i-dezynfekcja\\\/\"},{\"@type\":\"ListItem\",\"position\":4,\"name\":\"Podk\u0142ady ochronne\",\"item\":\"https:\\\/\\\/innow.pl\\\/produkty\\\/ochrona-i-dezynfekcja\\\/podklady-ochronne\\\/\"},{\"@type\":\"ListItem\",\"position\":5,\"name\":\"PO 160-25 &#8211; Podk\u0142ad ochronny 51&#215;160 cm (wa\u0142ek z perforacj\u0105, 25 odcink\u00f3w)\"}]},{\"@type\":\"WebSite\",\"@id\":\"https:\\\/\\\/innow.pl\\\/#website\",\"url\":\"https:\\\/\\\/innow.pl\\\/\",\"name\":\"INNOW\",\"description\":\"\",\"potentialAction\":[{\"@type\":\"SearchAction\",\"target\":{\"@type\":\"EntryPoint\",\"urlTemplate\":\"https:\\\/\\\/innow.pl\\\/?s={search_term_string}\"},\"query-input\":{\"@type\":\"PropertyValueSpecification\",\"valueRequired\":true,\"valueName\":\"search_term_string\"}}],\"inLanguage\":\"en-US\"}]}<\/script>\n<!-- \/ Yoast SEO plugin. -->","yoast_head_json":{"title":"PO 160-25 - Podk\u0142ad ochronny 51x160 cm (wa\u0142ek z perforacj\u0105, 25 odcink\u00f3w) - INNOW","description":"Odporny i wytrzyma\u0142y podk\u0142ad ochronny 51x160 cm wykorzystywany w gabinetach lekarskich, zabiegowych, na powierzchniach mebli medycznych. Kliknij!","robots":{"index":"index","follow":"follow","max-snippet":"max-snippet:-1","max-image-preview":"max-image-preview:large","max-video-preview":"max-video-preview:-1"},"canonical":"https:\/\/innow.pl\/produkt\/po-160-25-podklad-ochronny-51x160cm-walek-z-perforacja-25-odcinkow-c\/","og_locale":"en_US","og_type":"article","og_title":"PO 160-25 - Podk\u0142ad ochronny 51x160 cm (wa\u0142ek z perforacj\u0105, 25 odcink\u00f3w) - INNOW","og_description":"Odporny i wytrzyma\u0142y podk\u0142ad ochronny 51x160 cm wykorzystywany w gabinetach lekarskich, zabiegowych, na powierzchniach mebli medycznych. Kliknij!","og_url":"https:\/\/innow.pl\/produkt\/po-160-25-podklad-ochronny-51x160cm-walek-z-perforacja-25-odcinkow-c\/","og_site_name":"INNOW","article_modified_time":"2025-03-26T13:29:05+00:00","og_image":[{"width":433,"height":480,"url":"https:\/\/innow.pl\/wp-content\/uploads\/2024\/11\/PO_.jpg","type":"image\/jpeg"}],"twitter_card":"summary_large_image","twitter_misc":{"Est. reading time":"1 minute"},"schema":{"@context":"https:\/\/schema.org","@graph":[{"@type":"WebPage","@id":"https:\/\/innow.pl\/produkt\/po-160-25-podklad-ochronny-51x160cm-walek-z-perforacja-25-odcinkow-c\/","url":"https:\/\/innow.pl\/produkt\/po-160-25-podklad-ochronny-51x160cm-walek-z-perforacja-25-odcinkow-c\/","name":"PO 160-25 - Podk\u0142ad ochronny 51x160 cm (wa\u0142ek z perforacj\u0105, 25 odcink\u00f3w) - INNOW","isPartOf":{"@id":"https:\/\/innow.pl\/#website"},"primaryImageOfPage":{"@id":"https:\/\/innow.pl\/produkt\/po-160-25-podklad-ochronny-51x160cm-walek-z-perforacja-25-odcinkow-c\/#primaryimage"},"image":{"@id":"https:\/\/innow.pl\/produkt\/po-160-25-podklad-ochronny-51x160cm-walek-z-perforacja-25-odcinkow-c\/#primaryimage"},"thumbnailUrl":"https:\/\/innow.pl\/wp-content\/uploads\/2024\/11\/PO_.jpg","datePublished":"2017-05-30T05:00:40+00:00","dateModified":"2025-03-26T13:29:05+00:00","description":"Odporny i wytrzyma\u0142y podk\u0142ad ochronny 51x160 cm wykorzystywany w gabinetach lekarskich, zabiegowych, na powierzchniach mebli medycznych. Kliknij!","breadcrumb":{"@id":"https:\/\/innow.pl\/produkt\/po-160-25-podklad-ochronny-51x160cm-walek-z-perforacja-25-odcinkow-c\/#breadcrumb"},"inLanguage":"en-US","potentialAction":[{"@type":"ReadAction","target":["https:\/\/innow.pl\/produkt\/po-160-25-podklad-ochronny-51x160cm-walek-z-perforacja-25-odcinkow-c\/"]}]},{"@type":"ImageObject","inLanguage":"en-US","@id":"https:\/\/innow.pl\/produkt\/po-160-25-podklad-ochronny-51x160cm-walek-z-perforacja-25-odcinkow-c\/#primaryimage","url":"https:\/\/innow.pl\/wp-content\/uploads\/2024\/11\/PO_.jpg","contentUrl":"https:\/\/innow.pl\/wp-content\/uploads\/2024\/11\/PO_.jpg","width":433,"height":480,"caption":"Podk\u0142ad ochronny 51x160 cm \u2013 PO 160-25 \u2013 INNOW"},{"@type":"BreadcrumbList","@id":"https:\/\/innow.pl\/produkt\/po-160-25-podklad-ochronny-51x160cm-walek-z-perforacja-25-odcinkow-c\/#breadcrumb","itemListElement":[{"@type":"ListItem","position":1,"name":"INNOW","item":"https:\/\/innow.pl\/en\/"},{"@type":"ListItem","position":2,"name":"Produkty","item":"https:\/\/innow.pl\/produkty\/"},{"@type":"ListItem","position":3,"name":"Ochrona i dezynfekcja","item":"https:\/\/innow.pl\/produkty\/ochrona-i-dezynfekcja\/"},{"@type":"ListItem","position":4,"name":"Podk\u0142ady ochronne","item":"https:\/\/innow.pl\/produkty\/ochrona-i-dezynfekcja\/podklady-ochronne\/"},{"@type":"ListItem","position":5,"name":"PO 160-25 &#8211; Podk\u0142ad ochronny 51&#215;160 cm (wa\u0142ek z perforacj\u0105, 25 odcink\u00f3w)"}]},{"@type":"WebSite","@id":"https:\/\/innow.pl\/#website","url":"https:\/\/innow.pl\/","name":"INNOW","description":"","potentialAction":[{"@type":"SearchAction","target":{"@type":"EntryPoint","urlTemplate":"https:\/\/innow.pl\/?s={search_term_string}"},"query-input":{"@type":"PropertyValueSpecification","valueRequired":true,"valueName":"search_term_string"}}],"inLanguage":"en-US"}]}},"_links":{"self":[{"href":"https:\/\/innow.pl\/en\/wp-json\/wp\/v2\/product\/23344","targetHints":{"allow":["GET"]}}],"collection":[{"href":"https:\/\/innow.pl\/en\/wp-json\/wp\/v2\/product"}],"about":[{"href":"https:\/\/innow.pl\/en\/wp-json\/wp\/v2\/types\/product"}],"replies":[{"embeddable":true,"href":"https:\/\/innow.pl\/en\/wp-json\/wp\/v2\/comments?post=23344"}],"wp:featuredmedia":[{"embeddable":true,"href":"https:\/\/innow.pl\/en\/wp-json\/wp\/v2\/media\/23346"}],"wp:attachment":[{"href":"https:\/\/innow.pl\/en\/wp-json\/wp\/v2\/media?parent=23344"}],"wp:term":[{"taxonomy":"product_brand","embeddable":true,"href":"https:\/\/innow.pl\/en\/wp-json\/wp\/v2\/product_brand?post=23344"},{"taxonomy":"product_cat","embeddable":true,"href":"https:\/\/innow.pl\/en\/wp-json\/wp\/v2\/product_cat?post=23344"},{"taxonomy":"product_tag","embeddable":true,"href":"https:\/\/innow.pl\/en\/wp-json\/wp\/v2\/product_tag?post=23344"}],"curies":[{"name":"wp","href":"https:\/\/api.w.org\/{rel}","templated":true}]}}