{"id":23304,"date":"2019-04-20T06:27:02","date_gmt":"2019-04-20T04:27:02","guid":{"rendered":"https:\/\/innow.pl\/produkt\/fol02-fotel-okulistyczno-laryngologiczny-na-podstawie-stozkowej\/"},"modified":"2025-10-20T15:46:59","modified_gmt":"2025-10-20T13:46:59","slug":"fol02-fotel-okulistyczno-laryngologiczny-na-podstawie-stozkowej","status":"publish","type":"product","link":"https:\/\/innow.pl\/en\/produkt\/fol02-fotel-okulistyczno-laryngologiczny-na-podstawie-stozkowej\/","title":{"rendered":"FOL-02 &#8211; Fotel okulistyczno-laryngologiczny na podstawie sto\u017ckowej"},"content":{"rendered":"<p>Fotel okulistyczno-laryngologiczny (fotel do badania laryngologicznego) na podstawie sto\u017ckowej (chromowana) zwi\u0119kszaj\u0105cej jego walory estetyczne. Umo\u017cliwia uzyskanie pozycji le\u017c\u0105cej, a regulacja cz\u0119\u015bci no\u017cnej i oparcia plec\u00f3w odbywa si\u0119 za pomoc\u0105 spr\u0119\u017cyn gazowych. <strong>Wyposa\u017cenie podstawowe fotela do laryngologii i okulistyki:<\/strong><\/p>\n<ul>\n<li>trzysegmentowe le\u017ce,<\/li>\n<li>wielopozycyjny podg\u0142\u00f3wek,<\/li>\n<li>hydrauliczna regulacja wysoko\u015bci,<\/li>\n<li>regulacja cz\u0119\u015bci no\u017cnej spr\u0119\u017cyn\u0105 gazow\u0105,<\/li>\n<li>regulacja oparcia spr\u0119\u017cyn\u0105 gazow\u0105,<\/li>\n<li>os\u0142ona tylnej cz\u0119\u015bci oparcia (widoczna na zdj\u0119ciu 2).<\/li>\n<\/ul>\n<p>W <strong>szybkiej realizacji<\/strong> produkt dost\u0119pny jest w wersji podstawowej. <strong>Wyposa\u017cenie dodatkowe fotela widoczne pod opisem.<\/strong> \u00a0<\/p>\n<p style=\"text-align: left\"><a href=\"https:\/\/innow.pl\/publikacje\/KatalogPDF\/Pokrycia-obiciowe-tapicerki.pdf\">Informacje o w\u0142a\u015bciwo\u015bciach<\/a> dost\u0119pnych <strong>materia\u0142\u00f3w obiciowych<\/strong> dost\u0119pne po klikni\u0119ciu w zdj\u0119cie:\u00a0<\/p>\n<p style=\"text-align: left\"><a href=\"https:\/\/innow.pl\/publikacje\/KatalogPDF\/Pokrycia-obiciowe-tapicerki.pdf\" target=\"_blank\" rel=\"noopener\"><img decoding=\"async\" src=\"https:\/\/innow.pl\/wp-content\/uploads\/2024\/11\/Tapicerki.jpg\" \/><\/a><\/p>\n","protected":false},"excerpt":{"rendered":"<p>Fotel okulistyczno-laryngologiczny (fotel do badania laryngologicznego) na podstawie sto\u017ckowej (chromowana) zwi\u0119kszaj\u0105cej jego walory estetyczne. Umo\u017cliwia uzyskanie pozycji le\u017c\u0105cej, a regulacja cz\u0119\u015bci no\u017cnej i oparcia plec\u00f3w odbywa si\u0119 za pomoc\u0105 spr\u0119\u017cyn gazowych. Wyposa\u017cenie podstawowe fotela do laryngologii i okulistyki: trzysegmentowe le\u017ce, wielopozycyjny podg\u0142\u00f3wek, hydrauliczna regulacja wysoko\u015bci, regulacja cz\u0119\u015bci no\u017cnej spr\u0119\u017cyn\u0105 gazow\u0105, regulacja oparcia spr\u0119\u017cyn\u0105 gazow\u0105, os\u0142ona [&hellip;]<\/p>\n","protected":false},"featured_media":23307,"comment_status":"open","ping_status":"closed","template":"","meta":{"_acf_changed":false},"product_brand":[],"product_cat":[551,491,440],"product_tag":[],"class_list":{"0":"post-23304","1":"product","2":"type-product","3":"status-publish","4":"has-post-thumbnail","6":"product_cat-fotele-okulistyczno-laryngologiczne","7":"product_cat-fotele-zabiegowe","8":"product_cat-meble-medyczne","9":"pa_dlugosc-66-cm","10":"pa_glebokosc-50-cm","11":"pa_szerokosc-60-cm","12":"pa_wysokosc-calkowita-120-145-cm","13":"pa_wysokosc-siedziska-55-70-cm","15":"first","16":"instock","17":"taxable","18":"shipping-taxable","19":"purchasable","20":"product-type-simple"},"acf":[],"yoast_head":"<!-- This site is optimized with the Yoast SEO plugin v27.4 - https:\/\/yoast.com\/product\/yoast-seo-wordpress\/ -->\n<title>FOL-02 - Fotel okulistyczno-laryngologiczny na podstawie sto\u017ckowej - INNOW<\/title>\n<meta name=\"description\" content=\"Super jako\u015b\u0107! Niezwykle estetyczny, hydrauliczny fotel do laryngologii i okulistyki na podstawie sto\u017ckowej, chromowanej. Dowiedz si\u0119 wi\u0119cej!\" \/>\n<meta name=\"robots\" content=\"index, follow, max-snippet:-1, max-image-preview:large, max-video-preview:-1\" \/>\n<link rel=\"canonical\" href=\"https:\/\/innow.pl\/produkt\/fol02-fotel-okulistyczno-laryngologiczny-na-podstawie-stozkowej\/\" \/>\n<meta property=\"og:locale\" content=\"en_US\" \/>\n<meta property=\"og:type\" content=\"article\" \/>\n<meta property=\"og:title\" content=\"FOL-02 - Fotel okulistyczno-laryngologiczny na podstawie sto\u017ckowej - INNOW\" \/>\n<meta property=\"og:description\" content=\"Super jako\u015b\u0107! Niezwykle estetyczny, hydrauliczny fotel do laryngologii i okulistyki na podstawie sto\u017ckowej, chromowanej. Dowiedz si\u0119 wi\u0119cej!\" \/>\n<meta property=\"og:url\" content=\"https:\/\/innow.pl\/produkt\/fol02-fotel-okulistyczno-laryngologiczny-na-podstawie-stozkowej\/\" \/>\n<meta property=\"og:site_name\" content=\"INNOW\" \/>\n<meta property=\"article:modified_time\" content=\"2025-10-20T13:46:59+00:00\" \/>\n<meta property=\"og:image\" content=\"https:\/\/innow.pl\/wp-content\/uploads\/2024\/11\/FOL02_new.jpg\" \/>\n\t<meta property=\"og:image:width\" content=\"1142\" \/>\n\t<meta property=\"og:image:height\" content=\"1142\" \/>\n\t<meta property=\"og:image:type\" content=\"image\/jpeg\" \/>\n<meta name=\"twitter:card\" content=\"summary_large_image\" \/>\n<meta name=\"twitter:label1\" content=\"Est. reading time\" \/>\n\t<meta name=\"twitter:data1\" content=\"1 minute\" \/>\n<script type=\"application\/ld+json\" class=\"yoast-schema-graph\">{\"@context\":\"https:\\\/\\\/schema.org\",\"@graph\":[{\"@type\":\"WebPage\",\"@id\":\"https:\\\/\\\/innow.pl\\\/produkt\\\/fol02-fotel-okulistyczno-laryngologiczny-na-podstawie-stozkowej\\\/\",\"url\":\"https:\\\/\\\/innow.pl\\\/produkt\\\/fol02-fotel-okulistyczno-laryngologiczny-na-podstawie-stozkowej\\\/\",\"name\":\"FOL-02 - Fotel okulistyczno-laryngologiczny na podstawie sto\u017ckowej - INNOW\",\"isPartOf\":{\"@id\":\"https:\\\/\\\/innow.pl\\\/#website\"},\"primaryImageOfPage\":{\"@id\":\"https:\\\/\\\/innow.pl\\\/produkt\\\/fol02-fotel-okulistyczno-laryngologiczny-na-podstawie-stozkowej\\\/#primaryimage\"},\"image\":{\"@id\":\"https:\\\/\\\/innow.pl\\\/produkt\\\/fol02-fotel-okulistyczno-laryngologiczny-na-podstawie-stozkowej\\\/#primaryimage\"},\"thumbnailUrl\":\"https:\\\/\\\/innow.pl\\\/wp-content\\\/uploads\\\/2024\\\/11\\\/FOL02_new.jpg\",\"datePublished\":\"2019-04-20T04:27:02+00:00\",\"dateModified\":\"2025-10-20T13:46:59+00:00\",\"description\":\"Super jako\u015b\u0107! Niezwykle estetyczny, hydrauliczny fotel do laryngologii i okulistyki na podstawie sto\u017ckowej, chromowanej. Dowiedz si\u0119 wi\u0119cej!\",\"breadcrumb\":{\"@id\":\"https:\\\/\\\/innow.pl\\\/produkt\\\/fol02-fotel-okulistyczno-laryngologiczny-na-podstawie-stozkowej\\\/#breadcrumb\"},\"inLanguage\":\"en-US\",\"potentialAction\":[{\"@type\":\"ReadAction\",\"target\":[\"https:\\\/\\\/innow.pl\\\/produkt\\\/fol02-fotel-okulistyczno-laryngologiczny-na-podstawie-stozkowej\\\/\"]}]},{\"@type\":\"ImageObject\",\"inLanguage\":\"en-US\",\"@id\":\"https:\\\/\\\/innow.pl\\\/produkt\\\/fol02-fotel-okulistyczno-laryngologiczny-na-podstawie-stozkowej\\\/#primaryimage\",\"url\":\"https:\\\/\\\/innow.pl\\\/wp-content\\\/uploads\\\/2024\\\/11\\\/FOL02_new.jpg\",\"contentUrl\":\"https:\\\/\\\/innow.pl\\\/wp-content\\\/uploads\\\/2024\\\/11\\\/FOL02_new.jpg\",\"width\":1142,\"height\":1142,\"caption\":\"Fotel okulistyczno-laryngologiczny - FOL-02 - INNOW\"},{\"@type\":\"BreadcrumbList\",\"@id\":\"https:\\\/\\\/innow.pl\\\/produkt\\\/fol02-fotel-okulistyczno-laryngologiczny-na-podstawie-stozkowej\\\/#breadcrumb\",\"itemListElement\":[{\"@type\":\"ListItem\",\"position\":1,\"name\":\"INNOW\",\"item\":\"https:\\\/\\\/innow.pl\\\/en\\\/\"},{\"@type\":\"ListItem\",\"position\":2,\"name\":\"Produkty\",\"item\":\"https:\\\/\\\/innow.pl\\\/produkty\\\/\"},{\"@type\":\"ListItem\",\"position\":3,\"name\":\"Meble medyczne\",\"item\":\"https:\\\/\\\/innow.pl\\\/produkty\\\/meble-medyczne\\\/\"},{\"@type\":\"ListItem\",\"position\":4,\"name\":\"Fotele zabiegowe\",\"item\":\"https:\\\/\\\/innow.pl\\\/produkty\\\/meble-medyczne\\\/fotele-zabiegowe\\\/\"},{\"@type\":\"ListItem\",\"position\":5,\"name\":\"Fotele okulistyczno-laryngologiczne\",\"item\":\"https:\\\/\\\/innow.pl\\\/produkty\\\/meble-medyczne\\\/fotele-zabiegowe\\\/fotele-okulistyczno-laryngologiczne\\\/\"},{\"@type\":\"ListItem\",\"position\":6,\"name\":\"FOL-02 &#8211; Fotel okulistyczno-laryngologiczny na podstawie sto\u017ckowej\"}]},{\"@type\":\"WebSite\",\"@id\":\"https:\\\/\\\/innow.pl\\\/#website\",\"url\":\"https:\\\/\\\/innow.pl\\\/\",\"name\":\"INNOW\",\"description\":\"\",\"potentialAction\":[{\"@type\":\"SearchAction\",\"target\":{\"@type\":\"EntryPoint\",\"urlTemplate\":\"https:\\\/\\\/innow.pl\\\/?s={search_term_string}\"},\"query-input\":{\"@type\":\"PropertyValueSpecification\",\"valueRequired\":true,\"valueName\":\"search_term_string\"}}],\"inLanguage\":\"en-US\"}]}<\/script>\n<!-- \/ Yoast SEO plugin. -->","yoast_head_json":{"title":"FOL-02 - Fotel okulistyczno-laryngologiczny na podstawie sto\u017ckowej - INNOW","description":"Super jako\u015b\u0107! Niezwykle estetyczny, hydrauliczny fotel do laryngologii i okulistyki na podstawie sto\u017ckowej, chromowanej. Dowiedz si\u0119 wi\u0119cej!","robots":{"index":"index","follow":"follow","max-snippet":"max-snippet:-1","max-image-preview":"max-image-preview:large","max-video-preview":"max-video-preview:-1"},"canonical":"https:\/\/innow.pl\/produkt\/fol02-fotel-okulistyczno-laryngologiczny-na-podstawie-stozkowej\/","og_locale":"en_US","og_type":"article","og_title":"FOL-02 - Fotel okulistyczno-laryngologiczny na podstawie sto\u017ckowej - INNOW","og_description":"Super jako\u015b\u0107! Niezwykle estetyczny, hydrauliczny fotel do laryngologii i okulistyki na podstawie sto\u017ckowej, chromowanej. Dowiedz si\u0119 wi\u0119cej!","og_url":"https:\/\/innow.pl\/produkt\/fol02-fotel-okulistyczno-laryngologiczny-na-podstawie-stozkowej\/","og_site_name":"INNOW","article_modified_time":"2025-10-20T13:46:59+00:00","og_image":[{"width":1142,"height":1142,"url":"https:\/\/innow.pl\/wp-content\/uploads\/2024\/11\/FOL02_new.jpg","type":"image\/jpeg"}],"twitter_card":"summary_large_image","twitter_misc":{"Est. reading time":"1 minute"},"schema":{"@context":"https:\/\/schema.org","@graph":[{"@type":"WebPage","@id":"https:\/\/innow.pl\/produkt\/fol02-fotel-okulistyczno-laryngologiczny-na-podstawie-stozkowej\/","url":"https:\/\/innow.pl\/produkt\/fol02-fotel-okulistyczno-laryngologiczny-na-podstawie-stozkowej\/","name":"FOL-02 - Fotel okulistyczno-laryngologiczny na podstawie sto\u017ckowej - INNOW","isPartOf":{"@id":"https:\/\/innow.pl\/#website"},"primaryImageOfPage":{"@id":"https:\/\/innow.pl\/produkt\/fol02-fotel-okulistyczno-laryngologiczny-na-podstawie-stozkowej\/#primaryimage"},"image":{"@id":"https:\/\/innow.pl\/produkt\/fol02-fotel-okulistyczno-laryngologiczny-na-podstawie-stozkowej\/#primaryimage"},"thumbnailUrl":"https:\/\/innow.pl\/wp-content\/uploads\/2024\/11\/FOL02_new.jpg","datePublished":"2019-04-20T04:27:02+00:00","dateModified":"2025-10-20T13:46:59+00:00","description":"Super jako\u015b\u0107! Niezwykle estetyczny, hydrauliczny fotel do laryngologii i okulistyki na podstawie sto\u017ckowej, chromowanej. Dowiedz si\u0119 wi\u0119cej!","breadcrumb":{"@id":"https:\/\/innow.pl\/produkt\/fol02-fotel-okulistyczno-laryngologiczny-na-podstawie-stozkowej\/#breadcrumb"},"inLanguage":"en-US","potentialAction":[{"@type":"ReadAction","target":["https:\/\/innow.pl\/produkt\/fol02-fotel-okulistyczno-laryngologiczny-na-podstawie-stozkowej\/"]}]},{"@type":"ImageObject","inLanguage":"en-US","@id":"https:\/\/innow.pl\/produkt\/fol02-fotel-okulistyczno-laryngologiczny-na-podstawie-stozkowej\/#primaryimage","url":"https:\/\/innow.pl\/wp-content\/uploads\/2024\/11\/FOL02_new.jpg","contentUrl":"https:\/\/innow.pl\/wp-content\/uploads\/2024\/11\/FOL02_new.jpg","width":1142,"height":1142,"caption":"Fotel okulistyczno-laryngologiczny - FOL-02 - INNOW"},{"@type":"BreadcrumbList","@id":"https:\/\/innow.pl\/produkt\/fol02-fotel-okulistyczno-laryngologiczny-na-podstawie-stozkowej\/#breadcrumb","itemListElement":[{"@type":"ListItem","position":1,"name":"INNOW","item":"https:\/\/innow.pl\/en\/"},{"@type":"ListItem","position":2,"name":"Produkty","item":"https:\/\/innow.pl\/produkty\/"},{"@type":"ListItem","position":3,"name":"Meble medyczne","item":"https:\/\/innow.pl\/produkty\/meble-medyczne\/"},{"@type":"ListItem","position":4,"name":"Fotele zabiegowe","item":"https:\/\/innow.pl\/produkty\/meble-medyczne\/fotele-zabiegowe\/"},{"@type":"ListItem","position":5,"name":"Fotele okulistyczno-laryngologiczne","item":"https:\/\/innow.pl\/produkty\/meble-medyczne\/fotele-zabiegowe\/fotele-okulistyczno-laryngologiczne\/"},{"@type":"ListItem","position":6,"name":"FOL-02 &#8211; Fotel okulistyczno-laryngologiczny na podstawie sto\u017ckowej"}]},{"@type":"WebSite","@id":"https:\/\/innow.pl\/#website","url":"https:\/\/innow.pl\/","name":"INNOW","description":"","potentialAction":[{"@type":"SearchAction","target":{"@type":"EntryPoint","urlTemplate":"https:\/\/innow.pl\/?s={search_term_string}"},"query-input":{"@type":"PropertyValueSpecification","valueRequired":true,"valueName":"search_term_string"}}],"inLanguage":"en-US"}]}},"_links":{"self":[{"href":"https:\/\/innow.pl\/en\/wp-json\/wp\/v2\/product\/23304","targetHints":{"allow":["GET"]}}],"collection":[{"href":"https:\/\/innow.pl\/en\/wp-json\/wp\/v2\/product"}],"about":[{"href":"https:\/\/innow.pl\/en\/wp-json\/wp\/v2\/types\/product"}],"replies":[{"embeddable":true,"href":"https:\/\/innow.pl\/en\/wp-json\/wp\/v2\/comments?post=23304"}],"wp:featuredmedia":[{"embeddable":true,"href":"https:\/\/innow.pl\/en\/wp-json\/wp\/v2\/media\/23307"}],"wp:attachment":[{"href":"https:\/\/innow.pl\/en\/wp-json\/wp\/v2\/media?parent=23304"}],"wp:term":[{"taxonomy":"product_brand","embeddable":true,"href":"https:\/\/innow.pl\/en\/wp-json\/wp\/v2\/product_brand?post=23304"},{"taxonomy":"product_cat","embeddable":true,"href":"https:\/\/innow.pl\/en\/wp-json\/wp\/v2\/product_cat?post=23304"},{"taxonomy":"product_tag","embeddable":true,"href":"https:\/\/innow.pl\/en\/wp-json\/wp\/v2\/product_tag?post=23304"}],"curies":[{"name":"wp","href":"https:\/\/api.w.org\/{rel}","templated":true}]}}