{"id":23186,"date":"2017-05-26T08:19:57","date_gmt":"2017-05-26T06:19:57","guid":{"rendered":"https:\/\/innow.pl\/produkt\/finn325-barierka-boczna-do-stolow-zabiegowych\/"},"modified":"2025-03-26T14:37:06","modified_gmt":"2025-03-26T13:37:06","slug":"finn325-barierka-boczna-do-stolow-zabiegowych","status":"publish","type":"product","link":"https:\/\/innow.pl\/en\/produkt\/finn325-barierka-boczna-do-stolow-zabiegowych\/","title":{"rendered":"FINN325 &#8211; Barierki boczne do sto\u0142\u00f3w zabiegowych"},"content":{"rendered":"<div>\n<div>Barierki montowane do boku w sto\u0142ach zabiegowych.<\/div>\n<div>W komplecie do\u0142\u0105czone s\u0105 dedykowane zaciski.<\/div>\n<\/div>\n<div>\u00a0<\/div>\n<div>UWAGA: Prosimy o ka\u017cdorazowe weryfikowanie dost\u0119pno\u015bci tego rozwi\u0105zania.<\/div>\n<div>Zapraszamy do kontaktu z naszym biurem handlowym.<\/div>\n","protected":false},"excerpt":{"rendered":"<p>Barierki montowane do boku w sto\u0142ach zabiegowych. W komplecie do\u0142\u0105czone s\u0105 dedykowane zaciski. \u00a0 UWAGA: Prosimy o ka\u017cdorazowe weryfikowanie dost\u0119pno\u015bci tego rozwi\u0105zania. Zapraszamy do kontaktu z naszym biurem handlowym.<\/p>\n","protected":false},"featured_media":23188,"comment_status":"open","ping_status":"closed","template":"","meta":{"_acf_changed":false},"product_brand":[],"product_cat":[440,543,479,559],"product_tag":[],"class_list":{"0":"post-23186","1":"product","2":"type-product","3":"status-publish","4":"has-post-thumbnail","6":"product_cat-meble-medyczne","7":"product_cat-osprzet-do-stolow-zabiegowych","8":"product_cat-stoly-zabiegowe","9":"product_cat-urzadzenia-pomocnicze-osprzet-do-stolow-zabiegowych","10":"pa_dlugosc-166-1925-cm","11":"pa_szerokosc-68-cm","12":"pa_wysokosc-65-cm","14":"first","15":"instock","16":"taxable","17":"shipping-taxable","18":"purchasable","19":"product-type-simple"},"acf":[],"yoast_head":"<!-- This site is optimized with the Yoast SEO plugin v27.4 - https:\/\/yoast.com\/product\/yoast-seo-wordpress\/ -->\n<title>FINN325 - Barierki boczne do sto\u0142\u00f3w zabiegowych - INNOW<\/title>\n<meta name=\"description\" content=\"Barierki boczne do sto\u0142\u00f3w zabiegowych (montowane z boku) w komplecie z zaciskami. Estetyczne i funkcjonalne barierki do sto\u0142u zabiegowego. Sprawd\u017a!\" \/>\n<meta name=\"robots\" content=\"index, follow, max-snippet:-1, max-image-preview:large, max-video-preview:-1\" \/>\n<link rel=\"canonical\" href=\"https:\/\/innow.pl\/produkt\/finn325-barierka-boczna-do-stolow-zabiegowych\/\" \/>\n<meta property=\"og:locale\" content=\"en_US\" \/>\n<meta property=\"og:type\" content=\"article\" \/>\n<meta property=\"og:title\" content=\"FINN325 - Barierki boczne do sto\u0142\u00f3w zabiegowych - INNOW\" \/>\n<meta property=\"og:description\" content=\"Barierki boczne do sto\u0142\u00f3w zabiegowych (montowane z boku) w komplecie z zaciskami. Estetyczne i funkcjonalne barierki do sto\u0142u zabiegowego. Sprawd\u017a!\" \/>\n<meta property=\"og:url\" content=\"https:\/\/innow.pl\/produkt\/finn325-barierka-boczna-do-stolow-zabiegowych\/\" \/>\n<meta property=\"og:site_name\" content=\"INNOW\" \/>\n<meta property=\"article:modified_time\" content=\"2025-03-26T13:37:06+00:00\" \/>\n<meta property=\"og:image\" content=\"https:\/\/innow.pl\/wp-content\/uploads\/2024\/11\/FINN325-new.jpg\" \/>\n\t<meta property=\"og:image:width\" content=\"600\" \/>\n\t<meta property=\"og:image:height\" content=\"600\" \/>\n\t<meta property=\"og:image:type\" content=\"image\/jpeg\" \/>\n<meta name=\"twitter:card\" content=\"summary_large_image\" \/>\n<meta name=\"twitter:label1\" content=\"Est. reading time\" \/>\n\t<meta name=\"twitter:data1\" content=\"1 minute\" \/>\n<script type=\"application\/ld+json\" class=\"yoast-schema-graph\">{\"@context\":\"https:\\\/\\\/schema.org\",\"@graph\":[{\"@type\":\"WebPage\",\"@id\":\"https:\\\/\\\/innow.pl\\\/produkt\\\/finn325-barierka-boczna-do-stolow-zabiegowych\\\/\",\"url\":\"https:\\\/\\\/innow.pl\\\/produkt\\\/finn325-barierka-boczna-do-stolow-zabiegowych\\\/\",\"name\":\"FINN325 - Barierki boczne do sto\u0142\u00f3w zabiegowych - INNOW\",\"isPartOf\":{\"@id\":\"https:\\\/\\\/innow.pl\\\/#website\"},\"primaryImageOfPage\":{\"@id\":\"https:\\\/\\\/innow.pl\\\/produkt\\\/finn325-barierka-boczna-do-stolow-zabiegowych\\\/#primaryimage\"},\"image\":{\"@id\":\"https:\\\/\\\/innow.pl\\\/produkt\\\/finn325-barierka-boczna-do-stolow-zabiegowych\\\/#primaryimage\"},\"thumbnailUrl\":\"https:\\\/\\\/innow.pl\\\/wp-content\\\/uploads\\\/2024\\\/11\\\/FINN325-new.jpg\",\"datePublished\":\"2017-05-26T06:19:57+00:00\",\"dateModified\":\"2025-03-26T13:37:06+00:00\",\"description\":\"Barierki boczne do sto\u0142\u00f3w zabiegowych (montowane z boku) w komplecie z zaciskami. Estetyczne i funkcjonalne barierki do sto\u0142u zabiegowego. Sprawd\u017a!\",\"breadcrumb\":{\"@id\":\"https:\\\/\\\/innow.pl\\\/produkt\\\/finn325-barierka-boczna-do-stolow-zabiegowych\\\/#breadcrumb\"},\"inLanguage\":\"en-US\",\"potentialAction\":[{\"@type\":\"ReadAction\",\"target\":[\"https:\\\/\\\/innow.pl\\\/produkt\\\/finn325-barierka-boczna-do-stolow-zabiegowych\\\/\"]}]},{\"@type\":\"ImageObject\",\"inLanguage\":\"en-US\",\"@id\":\"https:\\\/\\\/innow.pl\\\/produkt\\\/finn325-barierka-boczna-do-stolow-zabiegowych\\\/#primaryimage\",\"url\":\"https:\\\/\\\/innow.pl\\\/wp-content\\\/uploads\\\/2024\\\/11\\\/FINN325-new.jpg\",\"contentUrl\":\"https:\\\/\\\/innow.pl\\\/wp-content\\\/uploads\\\/2024\\\/11\\\/FINN325-new.jpg\",\"width\":600,\"height\":600,\"caption\":\"Barierki boczne do sto\u0142\u00f3w zabiegowych \u2013 FINNS325 \u2013 INNOW\"},{\"@type\":\"BreadcrumbList\",\"@id\":\"https:\\\/\\\/innow.pl\\\/produkt\\\/finn325-barierka-boczna-do-stolow-zabiegowych\\\/#breadcrumb\",\"itemListElement\":[{\"@type\":\"ListItem\",\"position\":1,\"name\":\"INNOW\",\"item\":\"https:\\\/\\\/innow.pl\\\/en\\\/\"},{\"@type\":\"ListItem\",\"position\":2,\"name\":\"Produkty\",\"item\":\"https:\\\/\\\/innow.pl\\\/produkty\\\/\"},{\"@type\":\"ListItem\",\"position\":3,\"name\":\"Meble medyczne\",\"item\":\"https:\\\/\\\/innow.pl\\\/produkty\\\/meble-medyczne\\\/\"},{\"@type\":\"ListItem\",\"position\":4,\"name\":\"Sto\u0142y zabiegowe\",\"item\":\"https:\\\/\\\/innow.pl\\\/produkty\\\/meble-medyczne\\\/stoly-zabiegowe\\\/\"},{\"@type\":\"ListItem\",\"position\":5,\"name\":\"Osprz\u0119t do sto\u0142\u00f3w zabiegowych\",\"item\":\"https:\\\/\\\/innow.pl\\\/produkty\\\/meble-medyczne\\\/stoly-zabiegowe\\\/osprzet-do-stolow-zabiegowych\\\/\"},{\"@type\":\"ListItem\",\"position\":6,\"name\":\"Urz\u0105dzenia pomocnicze\",\"item\":\"https:\\\/\\\/innow.pl\\\/produkty\\\/meble-medyczne\\\/stoly-zabiegowe\\\/osprzet-do-stolow-zabiegowych\\\/urzadzenia-pomocnicze-osprzet-do-stolow-zabiegowych\\\/\"},{\"@type\":\"ListItem\",\"position\":7,\"name\":\"FINN325 &#8211; Barierki boczne do sto\u0142\u00f3w zabiegowych\"}]},{\"@type\":\"WebSite\",\"@id\":\"https:\\\/\\\/innow.pl\\\/#website\",\"url\":\"https:\\\/\\\/innow.pl\\\/\",\"name\":\"INNOW\",\"description\":\"\",\"potentialAction\":[{\"@type\":\"SearchAction\",\"target\":{\"@type\":\"EntryPoint\",\"urlTemplate\":\"https:\\\/\\\/innow.pl\\\/?s={search_term_string}\"},\"query-input\":{\"@type\":\"PropertyValueSpecification\",\"valueRequired\":true,\"valueName\":\"search_term_string\"}}],\"inLanguage\":\"en-US\"}]}<\/script>\n<!-- \/ Yoast SEO plugin. -->","yoast_head_json":{"title":"FINN325 - Barierki boczne do sto\u0142\u00f3w zabiegowych - INNOW","description":"Barierki boczne do sto\u0142\u00f3w zabiegowych (montowane z boku) w komplecie z zaciskami. Estetyczne i funkcjonalne barierki do sto\u0142u zabiegowego. Sprawd\u017a!","robots":{"index":"index","follow":"follow","max-snippet":"max-snippet:-1","max-image-preview":"max-image-preview:large","max-video-preview":"max-video-preview:-1"},"canonical":"https:\/\/innow.pl\/produkt\/finn325-barierka-boczna-do-stolow-zabiegowych\/","og_locale":"en_US","og_type":"article","og_title":"FINN325 - Barierki boczne do sto\u0142\u00f3w zabiegowych - INNOW","og_description":"Barierki boczne do sto\u0142\u00f3w zabiegowych (montowane z boku) w komplecie z zaciskami. Estetyczne i funkcjonalne barierki do sto\u0142u zabiegowego. Sprawd\u017a!","og_url":"https:\/\/innow.pl\/produkt\/finn325-barierka-boczna-do-stolow-zabiegowych\/","og_site_name":"INNOW","article_modified_time":"2025-03-26T13:37:06+00:00","og_image":[{"width":600,"height":600,"url":"https:\/\/innow.pl\/wp-content\/uploads\/2024\/11\/FINN325-new.jpg","type":"image\/jpeg"}],"twitter_card":"summary_large_image","twitter_misc":{"Est. reading time":"1 minute"},"schema":{"@context":"https:\/\/schema.org","@graph":[{"@type":"WebPage","@id":"https:\/\/innow.pl\/produkt\/finn325-barierka-boczna-do-stolow-zabiegowych\/","url":"https:\/\/innow.pl\/produkt\/finn325-barierka-boczna-do-stolow-zabiegowych\/","name":"FINN325 - Barierki boczne do sto\u0142\u00f3w zabiegowych - INNOW","isPartOf":{"@id":"https:\/\/innow.pl\/#website"},"primaryImageOfPage":{"@id":"https:\/\/innow.pl\/produkt\/finn325-barierka-boczna-do-stolow-zabiegowych\/#primaryimage"},"image":{"@id":"https:\/\/innow.pl\/produkt\/finn325-barierka-boczna-do-stolow-zabiegowych\/#primaryimage"},"thumbnailUrl":"https:\/\/innow.pl\/wp-content\/uploads\/2024\/11\/FINN325-new.jpg","datePublished":"2017-05-26T06:19:57+00:00","dateModified":"2025-03-26T13:37:06+00:00","description":"Barierki boczne do sto\u0142\u00f3w zabiegowych (montowane z boku) w komplecie z zaciskami. Estetyczne i funkcjonalne barierki do sto\u0142u zabiegowego. Sprawd\u017a!","breadcrumb":{"@id":"https:\/\/innow.pl\/produkt\/finn325-barierka-boczna-do-stolow-zabiegowych\/#breadcrumb"},"inLanguage":"en-US","potentialAction":[{"@type":"ReadAction","target":["https:\/\/innow.pl\/produkt\/finn325-barierka-boczna-do-stolow-zabiegowych\/"]}]},{"@type":"ImageObject","inLanguage":"en-US","@id":"https:\/\/innow.pl\/produkt\/finn325-barierka-boczna-do-stolow-zabiegowych\/#primaryimage","url":"https:\/\/innow.pl\/wp-content\/uploads\/2024\/11\/FINN325-new.jpg","contentUrl":"https:\/\/innow.pl\/wp-content\/uploads\/2024\/11\/FINN325-new.jpg","width":600,"height":600,"caption":"Barierki boczne do sto\u0142\u00f3w zabiegowych \u2013 FINNS325 \u2013 INNOW"},{"@type":"BreadcrumbList","@id":"https:\/\/innow.pl\/produkt\/finn325-barierka-boczna-do-stolow-zabiegowych\/#breadcrumb","itemListElement":[{"@type":"ListItem","position":1,"name":"INNOW","item":"https:\/\/innow.pl\/en\/"},{"@type":"ListItem","position":2,"name":"Produkty","item":"https:\/\/innow.pl\/produkty\/"},{"@type":"ListItem","position":3,"name":"Meble medyczne","item":"https:\/\/innow.pl\/produkty\/meble-medyczne\/"},{"@type":"ListItem","position":4,"name":"Sto\u0142y zabiegowe","item":"https:\/\/innow.pl\/produkty\/meble-medyczne\/stoly-zabiegowe\/"},{"@type":"ListItem","position":5,"name":"Osprz\u0119t do sto\u0142\u00f3w zabiegowych","item":"https:\/\/innow.pl\/produkty\/meble-medyczne\/stoly-zabiegowe\/osprzet-do-stolow-zabiegowych\/"},{"@type":"ListItem","position":6,"name":"Urz\u0105dzenia pomocnicze","item":"https:\/\/innow.pl\/produkty\/meble-medyczne\/stoly-zabiegowe\/osprzet-do-stolow-zabiegowych\/urzadzenia-pomocnicze-osprzet-do-stolow-zabiegowych\/"},{"@type":"ListItem","position":7,"name":"FINN325 &#8211; Barierki boczne do sto\u0142\u00f3w zabiegowych"}]},{"@type":"WebSite","@id":"https:\/\/innow.pl\/#website","url":"https:\/\/innow.pl\/","name":"INNOW","description":"","potentialAction":[{"@type":"SearchAction","target":{"@type":"EntryPoint","urlTemplate":"https:\/\/innow.pl\/?s={search_term_string}"},"query-input":{"@type":"PropertyValueSpecification","valueRequired":true,"valueName":"search_term_string"}}],"inLanguage":"en-US"}]}},"_links":{"self":[{"href":"https:\/\/innow.pl\/en\/wp-json\/wp\/v2\/product\/23186","targetHints":{"allow":["GET"]}}],"collection":[{"href":"https:\/\/innow.pl\/en\/wp-json\/wp\/v2\/product"}],"about":[{"href":"https:\/\/innow.pl\/en\/wp-json\/wp\/v2\/types\/product"}],"replies":[{"embeddable":true,"href":"https:\/\/innow.pl\/en\/wp-json\/wp\/v2\/comments?post=23186"}],"wp:featuredmedia":[{"embeddable":true,"href":"https:\/\/innow.pl\/en\/wp-json\/wp\/v2\/media\/23188"}],"wp:attachment":[{"href":"https:\/\/innow.pl\/en\/wp-json\/wp\/v2\/media?parent=23186"}],"wp:term":[{"taxonomy":"product_brand","embeddable":true,"href":"https:\/\/innow.pl\/en\/wp-json\/wp\/v2\/product_brand?post=23186"},{"taxonomy":"product_cat","embeddable":true,"href":"https:\/\/innow.pl\/en\/wp-json\/wp\/v2\/product_cat?post=23186"},{"taxonomy":"product_tag","embeddable":true,"href":"https:\/\/innow.pl\/en\/wp-json\/wp\/v2\/product_tag?post=23186"}],"curies":[{"name":"wp","href":"https:\/\/api.w.org\/{rel}","templated":true}]}}