{"id":22909,"date":"2020-10-13T08:16:23","date_gmt":"2020-10-13T06:16:23","guid":{"rendered":"https:\/\/innow.pl\/produkt\/slinn-latwoslizg-podklad-slizgowy-pod-przescieradlo-ang-easy-slide-slizg\/"},"modified":"2025-02-11T14:14:28","modified_gmt":"2025-02-11T13:14:28","slug":"slinn-latwoslizg-podklad-slizgowy-pod-przescieradlo-ang-easy-slide-slizg","status":"publish","type":"product","link":"https:\/\/innow.pl\/en\/produkt\/slinn-latwoslizg-podklad-slizgowy-pod-przescieradlo-ang-easy-slide-slizg\/","title":{"rendered":"SLINN-01 &#8211; \u0141atwo\u015blizg (podk\u0142ad \u015blizgowy) pod prze\u015bcierad\u0142o [ang. easy slide], \u015blizg"},"content":{"rendered":"<p>\u0141atwo\u015blizg do przemieszczania chorego (chusta do przenoszenia) &#8211; podk\u0142ad zszyty w formie r\u0119kawa, dzi\u0119ki kt\u00f3remu mo\u017cliwe jest \u0142atwe przemieszczanie osoby chorej. Wykonany jest z materia\u0142u bardzo odpornego na rozci\u0105ganie oraz rozdarcie. Jest on tak cienki, \u017ce mo\u017cna go obj\u0105\u0107 w ca\u0142o\u015bci d\u0142oni\u0105. Umo\u017cliwia bezwysi\u0142kowe przesuwanie i obr\u00f3t osoby le\u017c\u0105cej bezw\u0142adnie, przy eliminacji dzia\u0142ania nadmiernych si\u0142 na jej cia\u0142o, sk\u00f3r\u0119. Osoba mo\u017ce by\u0107 zrotowana z pozycji na plecach do pozycji na brzuch lub odwrotnie, nawet bez konieczno\u015bci bezpo\u015bredniego dotykania jej przez personel (dzi\u0119ki odpowiedniej technice u\u0142o\u017cenia). \u0141atwo\u015blizg (ang. easy slide) jest bardzo znanym produktem, kt\u00f3ry trafi\u0142 r\u00f3wnie\u017c na polski rynek, poprawiaj\u0105c ergonomi\u0119 pracy personelu medycznego. Produkt ten pozwala na przemieszczanie (\u015blizganie) wszystkiego, co znajduje si\u0119 na \u0142atwo\u015blizgu, dzi\u0119ki wewn\u0119trznej, bardzo \u015bliskiej oraz zewn\u0119trznej, bardzo przyczepnej, stronie. Z uwagi na jego du\u017c\u0105 wytrzyma\u0142o\u015b\u0107, \u0142atwo\u015blizg mo\u017ce by\u0107 stosowany do przek\u0142adania pacjent\u00f3w pomi\u0119dzy \u0142\u00f3\u017ckami. Wymaga to jednak zaanga\u017cowania co najmniej 4 os\u00f3b, trzymaj\u0105cych \u0142atwo\u015blizg wzd\u0142u\u017c d\u0142ugich bok\u00f3w.<\/p>\n","protected":false},"excerpt":{"rendered":"<p>\u0141atwo\u015blizg do przemieszczania chorego (chusta do przenoszenia) &#8211; podk\u0142ad zszyty w formie r\u0119kawa, dzi\u0119ki kt\u00f3remu mo\u017cliwe jest \u0142atwe przemieszczanie osoby chorej. Wykonany jest z materia\u0142u bardzo odpornego na rozci\u0105ganie oraz rozdarcie. Jest on tak cienki, \u017ce mo\u017cna go obj\u0105\u0107 w ca\u0142o\u015bci d\u0142oni\u0105. Umo\u017cliwia bezwysi\u0142kowe przesuwanie i obr\u00f3t osoby le\u017c\u0105cej bezw\u0142adnie, przy eliminacji dzia\u0142ania nadmiernych si\u0142 [&hellip;]<\/p>\n","protected":false},"featured_media":22911,"comment_status":"open","ping_status":"closed","template":"","meta":{"_acf_changed":false},"product_brand":[],"product_cat":[420,392],"product_tag":[],"class_list":{"0":"post-22909","1":"product","2":"type-product","3":"status-publish","4":"has-post-thumbnail","6":"product_cat-podstawowe-narzedzia-slizgowe","7":"product_cat-latwoslizgi-przemieszczanie-pacjentow","8":"pa_wariant-standard","9":"pa_wymiary-140-x-200-cm","11":"first","12":"instock","13":"taxable","14":"shipping-taxable","15":"purchasable","16":"product-type-simple"},"acf":[],"yoast_head":"<!-- This site is optimized with the Yoast SEO plugin v27.4 - https:\/\/yoast.com\/product\/yoast-seo-wordpress\/ -->\n<title>SLINN-01 - \u0141atwo\u015blizg (podk\u0142ad \u015blizgowy) pod prze\u015bcierad\u0142o [ang. easy slide], \u015blizg - INNOW<\/title>\n<meta name=\"description\" content=\"Odporny na rozci\u0105ganie i rozdarcie \u0142atwo\u015blizg usprawniaj\u0105cy przemieszczanie, obr\u00f3t osoby chorej. Niezb\u0119dny przy opiece nad pacjentami! Dowiedz si\u0119 wi\u0119cej!\" \/>\n<meta name=\"robots\" content=\"index, follow, max-snippet:-1, max-image-preview:large, max-video-preview:-1\" \/>\n<link rel=\"canonical\" href=\"https:\/\/innow.pl\/produkt\/slinn-latwoslizg-podklad-slizgowy-pod-przescieradlo-ang-easy-slide-slizg\/\" \/>\n<meta property=\"og:locale\" content=\"en_US\" \/>\n<meta property=\"og:type\" content=\"article\" \/>\n<meta property=\"og:title\" content=\"SLINN-01 - \u0141atwo\u015blizg (podk\u0142ad \u015blizgowy) pod prze\u015bcierad\u0142o [ang. easy slide], \u015blizg - INNOW\" \/>\n<meta property=\"og:description\" content=\"Odporny na rozci\u0105ganie i rozdarcie \u0142atwo\u015blizg usprawniaj\u0105cy przemieszczanie, obr\u00f3t osoby chorej. Niezb\u0119dny przy opiece nad pacjentami! Dowiedz si\u0119 wi\u0119cej!\" \/>\n<meta property=\"og:url\" content=\"https:\/\/innow.pl\/produkt\/slinn-latwoslizg-podklad-slizgowy-pod-przescieradlo-ang-easy-slide-slizg\/\" \/>\n<meta property=\"og:site_name\" content=\"INNOW\" \/>\n<meta property=\"article:modified_time\" content=\"2025-02-11T13:14:28+00:00\" \/>\n<meta property=\"og:image\" content=\"https:\/\/innow.pl\/wp-content\/uploads\/2024\/11\/SLINN-01.jpg\" \/>\n\t<meta property=\"og:image:width\" content=\"800\" \/>\n\t<meta property=\"og:image:height\" content=\"800\" \/>\n\t<meta property=\"og:image:type\" content=\"image\/jpeg\" \/>\n<meta name=\"twitter:card\" content=\"summary_large_image\" \/>\n<meta name=\"twitter:label1\" content=\"Est. reading time\" \/>\n\t<meta name=\"twitter:data1\" content=\"2 minutes\" \/>\n<script type=\"application\/ld+json\" class=\"yoast-schema-graph\">{\"@context\":\"https:\\\/\\\/schema.org\",\"@graph\":[{\"@type\":\"WebPage\",\"@id\":\"https:\\\/\\\/innow.pl\\\/produkt\\\/slinn-latwoslizg-podklad-slizgowy-pod-przescieradlo-ang-easy-slide-slizg\\\/\",\"url\":\"https:\\\/\\\/innow.pl\\\/produkt\\\/slinn-latwoslizg-podklad-slizgowy-pod-przescieradlo-ang-easy-slide-slizg\\\/\",\"name\":\"SLINN-01 - \u0141atwo\u015blizg (podk\u0142ad \u015blizgowy) pod prze\u015bcierad\u0142o [ang. easy slide], \u015blizg - INNOW\",\"isPartOf\":{\"@id\":\"https:\\\/\\\/innow.pl\\\/#website\"},\"primaryImageOfPage\":{\"@id\":\"https:\\\/\\\/innow.pl\\\/produkt\\\/slinn-latwoslizg-podklad-slizgowy-pod-przescieradlo-ang-easy-slide-slizg\\\/#primaryimage\"},\"image\":{\"@id\":\"https:\\\/\\\/innow.pl\\\/produkt\\\/slinn-latwoslizg-podklad-slizgowy-pod-przescieradlo-ang-easy-slide-slizg\\\/#primaryimage\"},\"thumbnailUrl\":\"https:\\\/\\\/innow.pl\\\/wp-content\\\/uploads\\\/2024\\\/11\\\/SLINN-01.jpg\",\"datePublished\":\"2020-10-13T06:16:23+00:00\",\"dateModified\":\"2025-02-11T13:14:28+00:00\",\"description\":\"Odporny na rozci\u0105ganie i rozdarcie \u0142atwo\u015blizg usprawniaj\u0105cy przemieszczanie, obr\u00f3t osoby chorej. Niezb\u0119dny przy opiece nad pacjentami! Dowiedz si\u0119 wi\u0119cej!\",\"breadcrumb\":{\"@id\":\"https:\\\/\\\/innow.pl\\\/produkt\\\/slinn-latwoslizg-podklad-slizgowy-pod-przescieradlo-ang-easy-slide-slizg\\\/#breadcrumb\"},\"inLanguage\":\"en-US\",\"potentialAction\":[{\"@type\":\"ReadAction\",\"target\":[\"https:\\\/\\\/innow.pl\\\/produkt\\\/slinn-latwoslizg-podklad-slizgowy-pod-przescieradlo-ang-easy-slide-slizg\\\/\"]}]},{\"@type\":\"ImageObject\",\"inLanguage\":\"en-US\",\"@id\":\"https:\\\/\\\/innow.pl\\\/produkt\\\/slinn-latwoslizg-podklad-slizgowy-pod-przescieradlo-ang-easy-slide-slizg\\\/#primaryimage\",\"url\":\"https:\\\/\\\/innow.pl\\\/wp-content\\\/uploads\\\/2024\\\/11\\\/SLINN-01.jpg\",\"contentUrl\":\"https:\\\/\\\/innow.pl\\\/wp-content\\\/uploads\\\/2024\\\/11\\\/SLINN-01.jpg\",\"width\":800,\"height\":800,\"caption\":\"\u0141atwo\u015blizg (podk\u0142ad \u015blizgowy) pod prze\u015bcierad\u0142o [ang. easy slide], \u015blizg - SLINN-01 - INNOW\"},{\"@type\":\"BreadcrumbList\",\"@id\":\"https:\\\/\\\/innow.pl\\\/produkt\\\/slinn-latwoslizg-podklad-slizgowy-pod-przescieradlo-ang-easy-slide-slizg\\\/#breadcrumb\",\"itemListElement\":[{\"@type\":\"ListItem\",\"position\":1,\"name\":\"INNOW\",\"item\":\"https:\\\/\\\/innow.pl\\\/en\\\/\"},{\"@type\":\"ListItem\",\"position\":2,\"name\":\"Produkty\",\"item\":\"https:\\\/\\\/innow.pl\\\/produkty\\\/\"},{\"@type\":\"ListItem\",\"position\":3,\"name\":\"\u0141atwo\u015blizgi - przemieszczanie pacjent\u00f3w\",\"item\":\"https:\\\/\\\/innow.pl\\\/produkty\\\/latwoslizgi-przemieszczanie-pacjentow\\\/\"},{\"@type\":\"ListItem\",\"position\":4,\"name\":\"Podstawowe narz\u0119dzia \u015blizgowe\",\"item\":\"https:\\\/\\\/innow.pl\\\/produkty\\\/latwoslizgi-przemieszczanie-pacjentow\\\/podstawowe-narzedzia-slizgowe\\\/\"},{\"@type\":\"ListItem\",\"position\":5,\"name\":\"SLINN-01 &#8211; \u0141atwo\u015blizg (podk\u0142ad \u015blizgowy) pod prze\u015bcierad\u0142o [ang. easy slide], \u015blizg\"}]},{\"@type\":\"WebSite\",\"@id\":\"https:\\\/\\\/innow.pl\\\/#website\",\"url\":\"https:\\\/\\\/innow.pl\\\/\",\"name\":\"INNOW\",\"description\":\"\",\"potentialAction\":[{\"@type\":\"SearchAction\",\"target\":{\"@type\":\"EntryPoint\",\"urlTemplate\":\"https:\\\/\\\/innow.pl\\\/?s={search_term_string}\"},\"query-input\":{\"@type\":\"PropertyValueSpecification\",\"valueRequired\":true,\"valueName\":\"search_term_string\"}}],\"inLanguage\":\"en-US\"}]}<\/script>\n<!-- \/ Yoast SEO plugin. -->","yoast_head_json":{"title":"SLINN-01 - \u0141atwo\u015blizg (podk\u0142ad \u015blizgowy) pod prze\u015bcierad\u0142o [ang. easy slide], \u015blizg - INNOW","description":"Odporny na rozci\u0105ganie i rozdarcie \u0142atwo\u015blizg usprawniaj\u0105cy przemieszczanie, obr\u00f3t osoby chorej. Niezb\u0119dny przy opiece nad pacjentami! Dowiedz si\u0119 wi\u0119cej!","robots":{"index":"index","follow":"follow","max-snippet":"max-snippet:-1","max-image-preview":"max-image-preview:large","max-video-preview":"max-video-preview:-1"},"canonical":"https:\/\/innow.pl\/produkt\/slinn-latwoslizg-podklad-slizgowy-pod-przescieradlo-ang-easy-slide-slizg\/","og_locale":"en_US","og_type":"article","og_title":"SLINN-01 - \u0141atwo\u015blizg (podk\u0142ad \u015blizgowy) pod prze\u015bcierad\u0142o [ang. easy slide], \u015blizg - INNOW","og_description":"Odporny na rozci\u0105ganie i rozdarcie \u0142atwo\u015blizg usprawniaj\u0105cy przemieszczanie, obr\u00f3t osoby chorej. Niezb\u0119dny przy opiece nad pacjentami! Dowiedz si\u0119 wi\u0119cej!","og_url":"https:\/\/innow.pl\/produkt\/slinn-latwoslizg-podklad-slizgowy-pod-przescieradlo-ang-easy-slide-slizg\/","og_site_name":"INNOW","article_modified_time":"2025-02-11T13:14:28+00:00","og_image":[{"width":800,"height":800,"url":"https:\/\/innow.pl\/wp-content\/uploads\/2024\/11\/SLINN-01.jpg","type":"image\/jpeg"}],"twitter_card":"summary_large_image","twitter_misc":{"Est. reading time":"2 minutes"},"schema":{"@context":"https:\/\/schema.org","@graph":[{"@type":"WebPage","@id":"https:\/\/innow.pl\/produkt\/slinn-latwoslizg-podklad-slizgowy-pod-przescieradlo-ang-easy-slide-slizg\/","url":"https:\/\/innow.pl\/produkt\/slinn-latwoslizg-podklad-slizgowy-pod-przescieradlo-ang-easy-slide-slizg\/","name":"SLINN-01 - \u0141atwo\u015blizg (podk\u0142ad \u015blizgowy) pod prze\u015bcierad\u0142o [ang. easy slide], \u015blizg - INNOW","isPartOf":{"@id":"https:\/\/innow.pl\/#website"},"primaryImageOfPage":{"@id":"https:\/\/innow.pl\/produkt\/slinn-latwoslizg-podklad-slizgowy-pod-przescieradlo-ang-easy-slide-slizg\/#primaryimage"},"image":{"@id":"https:\/\/innow.pl\/produkt\/slinn-latwoslizg-podklad-slizgowy-pod-przescieradlo-ang-easy-slide-slizg\/#primaryimage"},"thumbnailUrl":"https:\/\/innow.pl\/wp-content\/uploads\/2024\/11\/SLINN-01.jpg","datePublished":"2020-10-13T06:16:23+00:00","dateModified":"2025-02-11T13:14:28+00:00","description":"Odporny na rozci\u0105ganie i rozdarcie \u0142atwo\u015blizg usprawniaj\u0105cy przemieszczanie, obr\u00f3t osoby chorej. Niezb\u0119dny przy opiece nad pacjentami! Dowiedz si\u0119 wi\u0119cej!","breadcrumb":{"@id":"https:\/\/innow.pl\/produkt\/slinn-latwoslizg-podklad-slizgowy-pod-przescieradlo-ang-easy-slide-slizg\/#breadcrumb"},"inLanguage":"en-US","potentialAction":[{"@type":"ReadAction","target":["https:\/\/innow.pl\/produkt\/slinn-latwoslizg-podklad-slizgowy-pod-przescieradlo-ang-easy-slide-slizg\/"]}]},{"@type":"ImageObject","inLanguage":"en-US","@id":"https:\/\/innow.pl\/produkt\/slinn-latwoslizg-podklad-slizgowy-pod-przescieradlo-ang-easy-slide-slizg\/#primaryimage","url":"https:\/\/innow.pl\/wp-content\/uploads\/2024\/11\/SLINN-01.jpg","contentUrl":"https:\/\/innow.pl\/wp-content\/uploads\/2024\/11\/SLINN-01.jpg","width":800,"height":800,"caption":"\u0141atwo\u015blizg (podk\u0142ad \u015blizgowy) pod prze\u015bcierad\u0142o [ang. easy slide], \u015blizg - SLINN-01 - INNOW"},{"@type":"BreadcrumbList","@id":"https:\/\/innow.pl\/produkt\/slinn-latwoslizg-podklad-slizgowy-pod-przescieradlo-ang-easy-slide-slizg\/#breadcrumb","itemListElement":[{"@type":"ListItem","position":1,"name":"INNOW","item":"https:\/\/innow.pl\/en\/"},{"@type":"ListItem","position":2,"name":"Produkty","item":"https:\/\/innow.pl\/produkty\/"},{"@type":"ListItem","position":3,"name":"\u0141atwo\u015blizgi - przemieszczanie pacjent\u00f3w","item":"https:\/\/innow.pl\/produkty\/latwoslizgi-przemieszczanie-pacjentow\/"},{"@type":"ListItem","position":4,"name":"Podstawowe narz\u0119dzia \u015blizgowe","item":"https:\/\/innow.pl\/produkty\/latwoslizgi-przemieszczanie-pacjentow\/podstawowe-narzedzia-slizgowe\/"},{"@type":"ListItem","position":5,"name":"SLINN-01 &#8211; \u0141atwo\u015blizg (podk\u0142ad \u015blizgowy) pod prze\u015bcierad\u0142o [ang. easy slide], \u015blizg"}]},{"@type":"WebSite","@id":"https:\/\/innow.pl\/#website","url":"https:\/\/innow.pl\/","name":"INNOW","description":"","potentialAction":[{"@type":"SearchAction","target":{"@type":"EntryPoint","urlTemplate":"https:\/\/innow.pl\/?s={search_term_string}"},"query-input":{"@type":"PropertyValueSpecification","valueRequired":true,"valueName":"search_term_string"}}],"inLanguage":"en-US"}]}},"_links":{"self":[{"href":"https:\/\/innow.pl\/en\/wp-json\/wp\/v2\/product\/22909","targetHints":{"allow":["GET"]}}],"collection":[{"href":"https:\/\/innow.pl\/en\/wp-json\/wp\/v2\/product"}],"about":[{"href":"https:\/\/innow.pl\/en\/wp-json\/wp\/v2\/types\/product"}],"replies":[{"embeddable":true,"href":"https:\/\/innow.pl\/en\/wp-json\/wp\/v2\/comments?post=22909"}],"wp:featuredmedia":[{"embeddable":true,"href":"https:\/\/innow.pl\/en\/wp-json\/wp\/v2\/media\/22911"}],"wp:attachment":[{"href":"https:\/\/innow.pl\/en\/wp-json\/wp\/v2\/media?parent=22909"}],"wp:term":[{"taxonomy":"product_brand","embeddable":true,"href":"https:\/\/innow.pl\/en\/wp-json\/wp\/v2\/product_brand?post=22909"},{"taxonomy":"product_cat","embeddable":true,"href":"https:\/\/innow.pl\/en\/wp-json\/wp\/v2\/product_cat?post=22909"},{"taxonomy":"product_tag","embeddable":true,"href":"https:\/\/innow.pl\/en\/wp-json\/wp\/v2\/product_tag?post=22909"}],"curies":[{"name":"wp","href":"https:\/\/api.w.org\/{rel}","templated":true}]}}