{"id":6679,"date":"2023-08-28T15:14:41","date_gmt":"2023-08-28T13:14:41","guid":{"rendered":"https:\/\/kursszycia.codeincode.pl\/?page_id=6679"},"modified":"2023-09-04T09:57:29","modified_gmt":"2023-09-04T07:57:29","slug":"promocje","status":"publish","type":"page","link":"https:\/\/innow.pl\/en\/promocje\/","title":{"rendered":"Promocje"},"content":{"rendered":"<div id=\"pl-6679\"  class=\"panel-layout\" ><div id=\"pg-6679-0\"  class=\"panel-grid panel-has-style\" ><div class=\"container panel-row-style panel-row-style-for-6679-0\" ><div id=\"pgc-6679-0-0\"  class=\"panel-grid-cell\" ><div id=\"panel-6679-0-0-0\" class=\"so-panel widget widget_sow-editor panel-first-child panel-last-child\" data-index=\"0\" ><div\n\t\t\t\n\t\t\tclass=\"so-widget-sow-editor so-widget-sow-editor-base\"\n\t\t\t\n\t\t>\n<div class=\"siteorigin-widget-tinymce textwidget\">\n\t<div class=\"woocommerce columns-4 \"><ul class=\"products columns-4\">\n<li class=\"product type-product post-27573 status-publish first instock product_cat-meble-medyczne-od-reki-w-salonie product_cat-od-reki-w-salonie has-post-thumbnail sale taxable shipping-taxable purchasable product-type-simple\">\n\t<a href=\"https:\/\/innow.pl\/en\/produkt\/fz01-eu-orws-blue-fotel-zabiegowy\/\" class=\"woocommerce-LoopProduct-link woocommerce-loop-product__link\">\n\t<span class=\"onsale\">Sale!<\/span>\n\t<img loading=\"lazy\" decoding=\"async\" width=\"440\" height=\"480\" src=\"https:\/\/innow.pl\/wp-content\/uploads\/2024\/11\/FZ01_ORWS_BLUE_1.jpg\" class=\"attachment-woocommerce_thumbnail size-woocommerce_thumbnail\" alt=\"FZ01 EU [ORWS] - Fotel zabiegowy DRIVER z profilowan\u0105 tapicerk\u0105\" \/>    <div class=\"content\">\n        <h3 class=\"woocommerce-loop-product__title\">FZ01 EU [ORWS] &#8211; Fotel zabiegowy DRIVER z profilowan\u0105 tapicerk\u0105<\/h3>\n<div class=\"price\">\n    <div class=\"price-netto\">\n        <span class=\"old-price\"><span class=\"woocommerce-Price-amount amount\"><bdi>5 445,00&nbsp;<span class=\"woocommerce-Price-currencySymbol\">&#122;&#322;<\/span><\/bdi><\/span><\/span>3,811.50 z\u0142 netto    <\/div>\n\n    <div class=\"price-brutto\">\n        3,811.50 z\u0142 brutto    <\/div>\n<\/div>\n<\/a><a href=\"\/en\/wp-json\/wp\/v2\/pages\/6679?add-to-cart=27573\" aria-describedby=\"woocommerce_loop_add_to_cart_link_describedby_27573\" data-quantity=\"1\" class=\"button product_type_simple add_to_cart_button ajax_add_to_cart\" data-product_id=\"27573\" data-product_sku=\"FZ01 EU [ORWS DRIVER]\" aria-label=\"Add to cart: &ldquo;FZ01 EU [ORWS] - Fotel zabiegowy DRIVER z profilowan\u0105 tapicerk\u0105&rdquo;\" rel=\"nofollow\" data-success_message=\"&ldquo;FZ01 EU [ORWS] - Fotel zabiegowy DRIVER z profilowan\u0105 tapicerk\u0105&rdquo; has been added to your cart\">Add to cart<\/a>\t<span id=\"woocommerce_loop_add_to_cart_link_describedby_27573\" class=\"screen-reader-text\">\n\t\t\t<\/span>\n<span class=\"gtm4wp_productdata\" style=\"display:none; visibility:hidden;\" data-gtm4wp_product_data=\"{&quot;internal_id&quot;:27573,&quot;item_id&quot;:27573,&quot;item_name&quot;:&quot;FZ01 EU [ORWS] - Fotel zabiegowy DRIVER z profilowan\\u0105 tapicerk\\u0105&quot;,&quot;sku&quot;:&quot;FZ01 EU [ORWS DRIVER]&quot;,&quot;price&quot;:3811.5,&quot;stocklevel&quot;:null,&quot;stockstatus&quot;:&quot;instock&quot;,&quot;google_business_vertical&quot;:&quot;retail&quot;,&quot;item_category&quot;:&quot;Meble medyczne&quot;,&quot;id&quot;:27573,&quot;item_brand&quot;:&quot;Od r\\u0119ki w salonie&quot;,&quot;productlink&quot;:&quot;https:\\\/\\\/innow.pl\\\/en\\\/produkt\\\/fz01-eu-orws-blue-fotel-zabiegowy\\\/&quot;,&quot;item_list_name&quot;:&quot;Sale Products&quot;,&quot;index&quot;:1,&quot;product_type&quot;:&quot;simple&quot;}\"><\/span><button class=\"add-to-compare \" data-product-id=\"27573\" title=\"Dodaj do por\u00f3wnania\">Dodaj do por\u00f3wnania<\/button>    <\/div>\n<\/li>\n<\/ul>\n<\/div>\n<\/div>\n<\/div><\/div><\/div><\/div><\/div><\/div>","protected":false},"excerpt":{"rendered":"<p>Sale! FZ01 EU [ORWS] &#8211; Fotel zabiegowy DRIVER z profilowan\u0105 tapicerk\u0105 5 445,00&nbsp;&#122;&#322;3,811.50 z\u0142 netto 3,811.50 z\u0142 brutto Add to cart Dodaj do por\u00f3wnania<\/p>\n","protected":false},"author":1,"featured_media":0,"parent":0,"menu_order":4,"comment_status":"closed","ping_status":"closed","template":"content-page.php","meta":{"_acf_changed":false,"footnotes":""},"class_list":["post-6679","page","type-page","status-publish","hentry"],"acf":[],"yoast_head":"<!-- This site is optimized with the Yoast SEO plugin v27.4 - https:\/\/yoast.com\/product\/yoast-seo-wordpress\/ -->\n<title>Promocje - INNOW<\/title>\n<meta name=\"robots\" content=\"index, follow, max-snippet:-1, max-image-preview:large, max-video-preview:-1\" \/>\n<link rel=\"canonical\" href=\"https:\/\/innow.pl\/en\/promocje\/\" \/>\n<meta property=\"og:locale\" content=\"en_US\" \/>\n<meta property=\"og:type\" content=\"article\" \/>\n<meta property=\"og:title\" content=\"Promocje - INNOW\" \/>\n<meta property=\"og:description\" content=\"Sale! FZ01 EU [ORWS] &#8211; Fotel zabiegowy DRIVER z profilowan\u0105 tapicerk\u0105 5 445,00&nbsp;&#122;&#322;3,811.50 z\u0142 netto 3,811.50 z\u0142 brutto Add to cart Dodaj do por\u00f3wnania\" \/>\n<meta property=\"og:url\" content=\"https:\/\/innow.pl\/en\/promocje\/\" \/>\n<meta property=\"og:site_name\" content=\"INNOW\" \/>\n<meta property=\"article:modified_time\" content=\"2023-09-04T07:57:29+00:00\" \/>\n<meta name=\"twitter:card\" content=\"summary_large_image\" \/>\n<meta name=\"twitter:label1\" content=\"Est. reading time\" \/>\n\t<meta name=\"twitter:data1\" content=\"1 minute\" \/>\n<script type=\"application\/ld+json\" class=\"yoast-schema-graph\">{\"@context\":\"https:\\\/\\\/schema.org\",\"@graph\":[{\"@type\":\"WebPage\",\"@id\":\"https:\\\/\\\/innow.pl\\\/en\\\/promocje\\\/\",\"url\":\"https:\\\/\\\/innow.pl\\\/en\\\/promocje\\\/\",\"name\":\"Promocje - INNOW\",\"isPartOf\":{\"@id\":\"https:\\\/\\\/innow.pl\\\/#website\"},\"datePublished\":\"2023-08-28T13:14:41+00:00\",\"dateModified\":\"2023-09-04T07:57:29+00:00\",\"breadcrumb\":{\"@id\":\"https:\\\/\\\/innow.pl\\\/en\\\/promocje\\\/#breadcrumb\"},\"inLanguage\":\"en-US\",\"potentialAction\":[{\"@type\":\"ReadAction\",\"target\":[\"https:\\\/\\\/innow.pl\\\/en\\\/promocje\\\/\"]}]},{\"@type\":\"BreadcrumbList\",\"@id\":\"https:\\\/\\\/innow.pl\\\/en\\\/promocje\\\/#breadcrumb\",\"itemListElement\":[{\"@type\":\"ListItem\",\"position\":1,\"name\":\"INNOW\",\"item\":\"https:\\\/\\\/innow.pl\\\/en\\\/\"},{\"@type\":\"ListItem\",\"position\":2,\"name\":\"Promocje\"}]},{\"@type\":\"WebSite\",\"@id\":\"https:\\\/\\\/innow.pl\\\/#website\",\"url\":\"https:\\\/\\\/innow.pl\\\/\",\"name\":\"INNOW\",\"description\":\"\",\"potentialAction\":[{\"@type\":\"SearchAction\",\"target\":{\"@type\":\"EntryPoint\",\"urlTemplate\":\"https:\\\/\\\/innow.pl\\\/?s={search_term_string}\"},\"query-input\":{\"@type\":\"PropertyValueSpecification\",\"valueRequired\":true,\"valueName\":\"search_term_string\"}}],\"inLanguage\":\"en-US\"}]}<\/script>\n<!-- \/ Yoast SEO plugin. -->","yoast_head_json":{"title":"Promocje - INNOW","robots":{"index":"index","follow":"follow","max-snippet":"max-snippet:-1","max-image-preview":"max-image-preview:large","max-video-preview":"max-video-preview:-1"},"canonical":"https:\/\/innow.pl\/en\/promocje\/","og_locale":"en_US","og_type":"article","og_title":"Promocje - INNOW","og_description":"Sale! FZ01 EU [ORWS] &#8211; Fotel zabiegowy DRIVER z profilowan\u0105 tapicerk\u0105 5 445,00&nbsp;&#122;&#322;3,811.50 z\u0142 netto 3,811.50 z\u0142 brutto Add to cart Dodaj do por\u00f3wnania","og_url":"https:\/\/innow.pl\/en\/promocje\/","og_site_name":"INNOW","article_modified_time":"2023-09-04T07:57:29+00:00","twitter_card":"summary_large_image","twitter_misc":{"Est. reading time":"1 minute"},"schema":{"@context":"https:\/\/schema.org","@graph":[{"@type":"WebPage","@id":"https:\/\/innow.pl\/en\/promocje\/","url":"https:\/\/innow.pl\/en\/promocje\/","name":"Promocje - INNOW","isPartOf":{"@id":"https:\/\/innow.pl\/#website"},"datePublished":"2023-08-28T13:14:41+00:00","dateModified":"2023-09-04T07:57:29+00:00","breadcrumb":{"@id":"https:\/\/innow.pl\/en\/promocje\/#breadcrumb"},"inLanguage":"en-US","potentialAction":[{"@type":"ReadAction","target":["https:\/\/innow.pl\/en\/promocje\/"]}]},{"@type":"BreadcrumbList","@id":"https:\/\/innow.pl\/en\/promocje\/#breadcrumb","itemListElement":[{"@type":"ListItem","position":1,"name":"INNOW","item":"https:\/\/innow.pl\/en\/"},{"@type":"ListItem","position":2,"name":"Promocje"}]},{"@type":"WebSite","@id":"https:\/\/innow.pl\/#website","url":"https:\/\/innow.pl\/","name":"INNOW","description":"","potentialAction":[{"@type":"SearchAction","target":{"@type":"EntryPoint","urlTemplate":"https:\/\/innow.pl\/?s={search_term_string}"},"query-input":{"@type":"PropertyValueSpecification","valueRequired":true,"valueName":"search_term_string"}}],"inLanguage":"en-US"}]}},"_links":{"self":[{"href":"https:\/\/innow.pl\/en\/wp-json\/wp\/v2\/pages\/6679","targetHints":{"allow":["GET"]}}],"collection":[{"href":"https:\/\/innow.pl\/en\/wp-json\/wp\/v2\/pages"}],"about":[{"href":"https:\/\/innow.pl\/en\/wp-json\/wp\/v2\/types\/page"}],"author":[{"embeddable":true,"href":"https:\/\/innow.pl\/en\/wp-json\/wp\/v2\/users\/1"}],"replies":[{"embeddable":true,"href":"https:\/\/innow.pl\/en\/wp-json\/wp\/v2\/comments?post=6679"}],"version-history":[{"count":0,"href":"https:\/\/innow.pl\/en\/wp-json\/wp\/v2\/pages\/6679\/revisions"}],"wp:attachment":[{"href":"https:\/\/innow.pl\/en\/wp-json\/wp\/v2\/media?parent=6679"}],"curies":[{"name":"wp","href":"https:\/\/api.w.org\/{rel}","templated":true}]}}